{"id":7627,"date":"2025-02-28T16:11:03","date_gmt":"2025-02-28T14:11:03","guid":{"rendered":"https:\/\/ilca1.wpenginepowered.com\/?page_id=7627"},"modified":"2025-03-06T19:12:40","modified_gmt":"2025-03-06T17:12:40","slug":"tilaa-uutiskirje","status":"publish","type":"page","link":"https:\/\/www.ilca.fi\/sv\/tilaa-uutiskirje\/","title":{"rendered":"Tilaa ILCA Finlandin uutiskirje"},"content":{"rendered":"\n<p class=\"has-text-align-left\">Uutiskirjeen tilaamalla saat tiedon sivustolle julkaistavista tiedotteista suoraan s\u00e4hk\u00f6postiisi ja pysyt k\u00e4rryill\u00e4 Suomen ILCA-toiminnasta.<\/p>\n\n\n\n<div id=\"mc_embed_shell\">\n      <link href=\"\/\/cdn-images.mailchimp.com\/embedcode\/classic-061523.css\" rel=\"stylesheet\" type=\"text\/css\">\n  <style>\n#mc-embedded-subscribe-form{\nmargin: 0!important;\nmax-width: 700px\n}\np{\nmargin-bottom: 5px;\n}\n#mergeRow-gdpr{\npadding-bottom: 0!important\n}\n.mc-field-group{\nwidth: 100%!important\n}\n.mc-fields{\ndisplay:flex;\nflex-flow: row wrap;\nalign-items: flex-start;\njustify-content: space-between\n}\n@media (min-width: 800px){\n.mc-fname, .mc-lname{\ndisplay: block;\nwidth:48%!important;\n}}\n@media (max-width: 801px){\n.mc-fields{flex-flow: column}\n.mc-fname, .mc-lname{width:100%!important;\n}\nh2, .indicates-required, .mergeRow-gdpr, .mc-email{\nwidth: 100%!important\n}\n.mc-field-group{\npadding-bottom: 10px!important\n}\n#mc-embedded-subscribe{\ndisplay: inline-block;\nbackground: var(--nv-secondary-accent)!important;\ncolor: #fff;\ntext-decoration: none!important;\ntext-transform: uppercase;\nfont-size: 18px;\nfont-weight: 300;\npadding: 5px 25px 35px 25px!important;\nletter-spacing: 1px;\nborder-radius: 3px;\ntransition-duration: 200ms\n}\n#mc-embedded-subscribe:hover{\nbackground: var(--nv-primary-accent)!important;\ntransform: scale(1.05,1.05);\ntransition-duration: 200ms\n}\n<\/style><style type=\"text\/css\">\n        #mc-embedded-subscribe-form input[type=checkbox]{display: inline; width: auto;margin-right: 10px;}\n#mergeRow-gdpr fieldset label {font-weight: normal;}\n#mc-embedded-subscribe-form .mc_fieldset{border:none;min-height: 0px;padding-bottom:0px;}\n<\/style>\n<div id=\"mc_embed_signup\">\n    <form action=\"https:\/\/ilca.us20.list-manage.com\/subscribe\/post?u=15b97f4ae9ca1da38f990f109&amp;id=c3dfa41413&amp;v_id=47&amp;f_id=001c1eeaf0\" method=\"post\" id=\"mc-embedded-subscribe-form\" name=\"mc-embedded-subscribe-form\" class=\"validate\" target=\"_blank\">\n        <div id=\"mc_embed_signup_scroll\">\n            <div class=\"indicates-required\"><span class=\"asterisk\">*<\/span>:ll\u00e4 merkityt kent\u00e4t ovat pakollisia.<\/div>\n            <div class=\"mc-fields\"><div class=\"mc-field-group mc-email\"><label for=\"mce-EMAIL\">S\u00e4hk\u00f6postiosoite <span class=\"asterisk\">*<\/span><\/label><input type=\"email\" name=\"EMAIL\" class=\"required email\" id=\"mce-EMAIL\" required=\"\" value=\"\"><\/div><div class=\"mc-field-group mc-fname\"><label for=\"mce-FNAME\">Etunimi <span class=\"asterisk\">*<\/span><\/label><input type=\"text\" name=\"FNAME\" class=\"required text\" id=\"mce-FNAME\" required=\"\" value=\"\"><\/div><div class=\"mc-field-group mc-lname\"><label for=\"mce-LNAME\">Sukunimi <span class=\"asterisk\">*<\/span><\/label><input type=\"text\" name=\"LNAME\" class=\"required text\" id=\"mce-LNAME\" required=\"\" value=\"\"><\/div><\/div><div id=\"mergeRow-gdpr\" class=\"mergeRow gdpr-mergeRow content__gdprBlock mc-field-group\"><div class=\"content__gdpr\"><label><b>Tietosuoja<\/b><\/label><p>K\u00e4sittelemme henkil\u00f6tietojasi <a href=\"\/tietosuojaseloste\" target=\"_blank\">tietosuojaselosteessamme<\/a> kuvatusti.<\/p>\n<fieldset class=\"mc_fieldset gdprRequired mc-field-group\" name=\"interestgroup_field\"><label class=\"checkbox subfield\" for=\"gdpr67157\"><input type=\"checkbox\" id=\"gdpr_67157\" name=\"gdpr[67157]\" class=\"gdpr\" value=\"Y\"><span class=\"checkmark\"><\/span><span>Hyv\u00e4ksyn tietojeni k\u00e4sittelyn <a href=\"\/tietosuojaseloste\" target=\"_blank\">tietosuojaseloseessa<\/a> kuvatusti<\/span><\/label><\/fieldset><\/div><\/div>\n<div hidden=\"\"><input type=\"hidden\" name=\"tags\" value=\"3744561,3744565\"><\/div>\n        <div id=\"mce-responses\" class=\"clear foot\">\n            <div class=\"response\" id=\"mce-error-response\" style=\"display: none;\"><\/div>\n            <div class=\"response\" id=\"mce-success-response\" style=\"display: none;\"><\/div>\n        <\/div>\n    <div aria-hidden=\"true\" style=\"position: absolute; left: -5000px;\">\n        \/* real people should not fill this in and expect good things &#8211; do not remove this or risk form bot signups *\/\n        <input type=\"text\" name=\"b_15b97f4ae9ca1da38f990f109_c3dfa41413\" tabindex=\"-1\" value=\"\">\n    <\/div>\n        <div class=\"optionalParent\">\n            <div class=\"clear foot\">\n                <input type=\"submit\" name=\"subscribe\" id=\"mc-embedded-subscribe\" class=\"button\" value=\"Tilaa uutiskirje\">\n            <\/div>\n        <\/div>\n    <\/div>\n<\/form>\n<\/div>\n<script type=\"text\/javascript\" src=\"\/\/s3.amazonaws.com\/downloads.mailchimp.com\/js\/mc-validate.js\"><\/script><script type=\"text\/javascript\">(function($) {window.fnames = new Array(); window.ftypes = new Array();fnames[0]='EMAIL';ftypes[0]='email';fnames[1]='FNAME';ftypes[1]='text';fnames[2]='LNAME';ftypes[2]='text';}(jQuery));var $mcj = jQuery.noConflict(true);<\/script><\/div>\n\n\n\n<p><\/p>\n","protected":false},"excerpt":{"rendered":"<p>Uutiskirjeen tilaamalla saat tiedon sivustolle julkaistavista tiedotteista suoraan s\u00e4hk\u00f6postiisi ja pysyt k\u00e4rryill\u00e4 Suomen ILCA-toiminnasta. *:ll\u00e4 merkityt kent\u00e4t ovat pakollisia. S\u00e4hk\u00f6postiosoite * Etunimi * Sukunimi * Tietosuoja K\u00e4sittelemme henkil\u00f6tietojasi tietosuojaselosteessamme kuvatusti. Hyv\u00e4ksyn tietojeni k\u00e4sittelyn tietosuojaseloseessa kuvatusti \/* real people should not fill this in and expect good things &#8211; do not remove this or risk form&hellip;&nbsp;<a href=\"https:\/\/www.ilca.fi\/sv\/tilaa-uutiskirje\/\" rel=\"bookmark\">L\u00e4s mer &raquo;<span class=\"screen-reader-text\">Tilaa ILCA Finlandin uutiskirje<\/span><\/a><\/p>","protected":false},"author":5,"featured_media":0,"parent":0,"menu_order":0,"comment_status":"closed","ping_status":"closed","template":"","meta":{"neve_meta_sidebar":"","neve_meta_container":"","neve_meta_enable_content_width":"","neve_meta_content_width":0,"neve_meta_title_alignment":"","neve_meta_author_avatar":"","neve_post_elements_order":"","neve_meta_disable_header":"","neve_meta_disable_footer":"","neve_meta_disable_title":"","footnotes":""},"class_list":["post-7627","page","type-page","status-publish","hentry"],"yoast_head":"<!-- This site is optimized with the Yoast SEO plugin v27.3 - https:\/\/yoast.com\/product\/yoast-seo-wordpress\/ -->\n<title>Tilaa ILCA Finlandin uutiskirje - ILCA Finland<\/title>\n<meta name=\"robots\" content=\"index, follow, max-snippet:-1, max-image-preview:large, max-video-preview:-1\" \/>\n<link rel=\"canonical\" href=\"https:\/\/www.ilca.fi\/sv\/tilaa-uutiskirje\/\" \/>\n<meta property=\"og:locale\" content=\"sv_SE\" \/>\n<meta property=\"og:type\" content=\"article\" \/>\n<meta property=\"og:title\" content=\"Tilaa ILCA Finlandin uutiskirje - ILCA Finland\" \/>\n<meta property=\"og:description\" content=\"Uutiskirjeen tilaamalla saat tiedon sivustolle julkaistavista tiedotteista suoraan s\u00e4hk\u00f6postiisi ja pysyt k\u00e4rryill\u00e4 Suomen ILCA-toiminnasta. *:ll\u00e4 merkityt kent\u00e4t ovat pakollisia. S\u00e4hk\u00f6postiosoite * Etunimi * Sukunimi * Tietosuoja K\u00e4sittelemme henkil\u00f6tietojasi tietosuojaselosteessamme kuvatusti. Hyv\u00e4ksyn tietojeni k\u00e4sittelyn tietosuojaseloseessa kuvatusti \/* real people should not fill this in and expect good things &#8211; do not remove this or risk form&hellip;&nbsp;L\u00e4s mer &raquo;Tilaa ILCA Finlandin uutiskirje\" \/>\n<meta property=\"og:url\" content=\"https:\/\/www.ilca.fi\/sv\/tilaa-uutiskirje\/\" \/>\n<meta property=\"og:site_name\" content=\"ILCA Finland\" \/>\n<meta property=\"article:modified_time\" content=\"2025-03-06T17:12:40+00:00\" \/>\n<meta name=\"twitter:card\" content=\"summary_large_image\" \/>\n<meta name=\"twitter:label1\" content=\"Ber\u00e4knad l\u00e4stid\" \/>\n\t<meta name=\"twitter:data1\" content=\"1 minut\" \/>\n<script type=\"application\/ld+json\" class=\"yoast-schema-graph\">{\"@context\":\"https:\\\/\\\/schema.org\",\"@graph\":[{\"@type\":\"WebPage\",\"@id\":\"https:\\\/\\\/www.ilca.fi\\\/tilaa-uutiskirje\\\/\",\"url\":\"https:\\\/\\\/www.ilca.fi\\\/tilaa-uutiskirje\\\/\",\"name\":\"Tilaa ILCA Finlandin uutiskirje - ILCA Finland\",\"isPartOf\":{\"@id\":\"https:\\\/\\\/www.ilca.fi\\\/#website\"},\"datePublished\":\"2025-02-28T14:11:03+00:00\",\"dateModified\":\"2025-03-06T17:12:40+00:00\",\"inLanguage\":\"sv-SE\",\"potentialAction\":[{\"@type\":\"ReadAction\",\"target\":[\"https:\\\/\\\/www.ilca.fi\\\/tilaa-uutiskirje\\\/\"]}]},{\"@type\":\"WebSite\",\"@id\":\"https:\\\/\\\/www.ilca.fi\\\/#website\",\"url\":\"https:\\\/\\\/www.ilca.fi\\\/\",\"name\":\"ILCA Finland\",\"description\":\"Suomen ILCA-luokkaliitto\",\"publisher\":{\"@id\":\"https:\\\/\\\/www.ilca.fi\\\/#organization\"},\"potentialAction\":[{\"@type\":\"SearchAction\",\"target\":{\"@type\":\"EntryPoint\",\"urlTemplate\":\"https:\\\/\\\/www.ilca.fi\\\/?s={search_term_string}\"},\"query-input\":{\"@type\":\"PropertyValueSpecification\",\"valueRequired\":true,\"valueName\":\"search_term_string\"}}],\"inLanguage\":\"sv-SE\"},{\"@type\":\"Organization\",\"@id\":\"https:\\\/\\\/www.ilca.fi\\\/#organization\",\"name\":\"ILCA Finland\",\"url\":\"https:\\\/\\\/www.ilca.fi\\\/\",\"logo\":{\"@type\":\"ImageObject\",\"inLanguage\":\"sv-SE\",\"@id\":\"https:\\\/\\\/www.ilca.fi\\\/#\\\/schema\\\/logo\\\/image\\\/\",\"url\":\"https:\\\/\\\/www.ilca.fi\\\/wp-content\\\/uploads\\\/2020\\\/09\\\/ILCA-350x100-1.png\",\"contentUrl\":\"https:\\\/\\\/www.ilca.fi\\\/wp-content\\\/uploads\\\/2020\\\/09\\\/ILCA-350x100-1.png\",\"width\":350,\"height\":100,\"caption\":\"ILCA Finland\"},\"image\":{\"@id\":\"https:\\\/\\\/www.ilca.fi\\\/#\\\/schema\\\/logo\\\/image\\\/\"}}]}<\/script>\n<!-- \/ Yoast SEO plugin. -->","yoast_head_json":{"title":"Tilaa ILCA Finlandin uutiskirje - ILCA Finland","robots":{"index":"index","follow":"follow","max-snippet":"max-snippet:-1","max-image-preview":"max-image-preview:large","max-video-preview":"max-video-preview:-1"},"canonical":"https:\/\/www.ilca.fi\/sv\/tilaa-uutiskirje\/","og_locale":"sv_SE","og_type":"article","og_title":"Tilaa ILCA Finlandin uutiskirje - ILCA Finland","og_description":"Uutiskirjeen tilaamalla saat tiedon sivustolle julkaistavista tiedotteista suoraan s\u00e4hk\u00f6postiisi ja pysyt k\u00e4rryill\u00e4 Suomen ILCA-toiminnasta. *:ll\u00e4 merkityt kent\u00e4t ovat pakollisia. S\u00e4hk\u00f6postiosoite * Etunimi * Sukunimi * Tietosuoja K\u00e4sittelemme henkil\u00f6tietojasi tietosuojaselosteessamme kuvatusti. Hyv\u00e4ksyn tietojeni k\u00e4sittelyn tietosuojaseloseessa kuvatusti \/* real people should not fill this in and expect good things &#8211; do not remove this or risk form&hellip;&nbsp;L\u00e4s mer &raquo;Tilaa ILCA Finlandin uutiskirje","og_url":"https:\/\/www.ilca.fi\/sv\/tilaa-uutiskirje\/","og_site_name":"ILCA Finland","article_modified_time":"2025-03-06T17:12:40+00:00","twitter_card":"summary_large_image","twitter_misc":{"Ber\u00e4knad l\u00e4stid":"1 minut"},"schema":{"@context":"https:\/\/schema.org","@graph":[{"@type":"WebPage","@id":"https:\/\/www.ilca.fi\/tilaa-uutiskirje\/","url":"https:\/\/www.ilca.fi\/tilaa-uutiskirje\/","name":"Tilaa ILCA Finlandin uutiskirje - ILCA Finland","isPartOf":{"@id":"https:\/\/www.ilca.fi\/#website"},"datePublished":"2025-02-28T14:11:03+00:00","dateModified":"2025-03-06T17:12:40+00:00","inLanguage":"sv-SE","potentialAction":[{"@type":"ReadAction","target":["https:\/\/www.ilca.fi\/tilaa-uutiskirje\/"]}]},{"@type":"WebSite","@id":"https:\/\/www.ilca.fi\/#website","url":"https:\/\/www.ilca.fi\/","name":"ILCA Finland","description":"Finska ILCA klassf\u00f6rbundet","publisher":{"@id":"https:\/\/www.ilca.fi\/#organization"},"potentialAction":[{"@type":"SearchAction","target":{"@type":"EntryPoint","urlTemplate":"https:\/\/www.ilca.fi\/?s={search_term_string}"},"query-input":{"@type":"PropertyValueSpecification","valueRequired":true,"valueName":"search_term_string"}}],"inLanguage":"sv-SE"},{"@type":"Organization","@id":"https:\/\/www.ilca.fi\/#organization","name":"ILCA Finland","url":"https:\/\/www.ilca.fi\/","logo":{"@type":"ImageObject","inLanguage":"sv-SE","@id":"https:\/\/www.ilca.fi\/#\/schema\/logo\/image\/","url":"https:\/\/www.ilca.fi\/wp-content\/uploads\/2020\/09\/ILCA-350x100-1.png","contentUrl":"https:\/\/www.ilca.fi\/wp-content\/uploads\/2020\/09\/ILCA-350x100-1.png","width":350,"height":100,"caption":"ILCA Finland"},"image":{"@id":"https:\/\/www.ilca.fi\/#\/schema\/logo\/image\/"}}]}},"_links":{"self":[{"href":"https:\/\/www.ilca.fi\/sv\/wp-json\/wp\/v2\/pages\/7627","targetHints":{"allow":["GET"]}}],"collection":[{"href":"https:\/\/www.ilca.fi\/sv\/wp-json\/wp\/v2\/pages"}],"about":[{"href":"https:\/\/www.ilca.fi\/sv\/wp-json\/wp\/v2\/types\/page"}],"author":[{"embeddable":true,"href":"https:\/\/www.ilca.fi\/sv\/wp-json\/wp\/v2\/users\/5"}],"replies":[{"embeddable":true,"href":"https:\/\/www.ilca.fi\/sv\/wp-json\/wp\/v2\/comments?post=7627"}],"version-history":[{"count":0,"href":"https:\/\/www.ilca.fi\/sv\/wp-json\/wp\/v2\/pages\/7627\/revisions"}],"wp:attachment":[{"href":"https:\/\/www.ilca.fi\/sv\/wp-json\/wp\/v2\/media?parent=7627"}],"curies":[{"name":"wp","href":"https:\/\/api.w.org\/{rel}","templated":true}]}}