{"id":7545,"date":"2025-02-08T13:31:29","date_gmt":"2025-02-08T11:31:29","guid":{"rendered":"https:\/\/ilca1.wpenginepowered.com\/?page_id=7545"},"modified":"2025-03-04T10:56:11","modified_gmt":"2025-03-04T08:56:11","slug":"ilca-porssin-ohjeet","status":"publish","type":"page","link":"https:\/\/www.ilca.fi\/sv\/ilca-porssin-ohjeet\/","title":{"rendered":"S\u00e5 h\u00e4r anv\u00e4nder du ILCA-b\u00f6rsen"},"content":{"rendered":"<div data-elementor-type=\"wp-page\" data-elementor-id=\"7545\" class=\"elementor elementor-7545\">\n\t\t\t\t<div class=\"elementor-element elementor-element-73eca39 e-flex e-con-boxed e-con e-parent\" data-id=\"73eca39\" data-element_type=\"container\" data-e-type=\"container\">\n\t\t\t\t\t<div class=\"e-con-inner\">\n\t\t\t\t<div class=\"elementor-element elementor-element-b089e1b elementor-widget elementor-widget-heading\" data-id=\"b089e1b\" data-element_type=\"widget\" data-e-type=\"widget\" data-widget_type=\"heading.default\">\n\t\t\t\t<div class=\"elementor-widget-container\">\n\t\t\t\t\t<h1 class=\"elementor-heading-title elementor-size-default\">S\u00e5 h\u00e4r anv\u00e4nder du ILCA-b\u00f6rsen<\/h1>\t\t\t\t<\/div>\n\t\t\t\t<\/div>\n\t\t\t\t<div class=\"elementor-element elementor-element-169f3e8 elementor-widget elementor-widget-eael-adv-accordion\" data-id=\"169f3e8\" data-element_type=\"widget\" data-e-type=\"widget\" data-widget_type=\"eael-adv-accordion.default\">\n\t\t\t\t<div class=\"elementor-widget-container\">\n\t\t\t\t\t            <div class=\"eael-adv-accordion\" id=\"eael-adv-accordion-169f3e8\" data-scroll-on-click=\"no\" data-scroll-speed=\"300\" data-accordion-id=\"169f3e8\" data-accordion-type=\"accordion\" data-toogle-speed=\"300\">\n            <div class=\"eael-accordion-list\">\n\t\t\t\t\t<div id=\"uuden-ilmoituksen-luominen-ja-ilmoituksiin-vastaaminen\" class=\"elementor-tab-title eael-accordion-header\" tabindex=\"0\" data-tab=\"1\" aria-controls=\"elementor-tab-content-2371\"><span class=\"eael-advanced-accordion-icon-closed\"><i aria-hidden=\"true\" class=\"fa-accordion-icon fas fa-plus\"><\/i><\/span><span class=\"eael-advanced-accordion-icon-opened\"><i aria-hidden=\"true\" class=\"fa-accordion-icon fas fa-minus\"><\/i><\/span><span class=\"eael-accordion-tab-title\">Uuden ilmoituksen luominen ja ilmoituksiin vastaaminen<\/span><i aria-hidden=\"true\" class=\"fa-toggle fas fa-angle-right\"><\/i><\/div><div id=\"elementor-tab-content-2371\" class=\"eael-accordion-content clearfix\" data-tab=\"1\" aria-labelledby=\"uuden-ilmoituksen-luominen-ja-ilmoituksiin-vastaaminen\"><p>Voit luoda uusia ilmoituksia ja vastata ilmoituksiin eri palstoille joko vieraana tai luomalla ja kirjautumalla k\u00e4ytt\u00e4j\u00e4tilillesi. Ilmoituksiin ja vastauksiin voi my\u00f6s liitt\u00e4\u00e4 kuvia. Kirjautuneena tehtyj\u00e4 ilmoituksia voi muokata j\u00e4lkik\u00e4teen ja muut ILCA-p\u00f6rssin k\u00e4ytt\u00e4j\u00e4t n\u00e4kev\u00e4t suoraan ilmoitusten ja vastausten julkaisijan k\u00e4ytt\u00e4j\u00e4nimen ja s\u00e4hk\u00f6postiosoitteen. Kirjautuneena voi my\u00f6s ottaa k\u00e4ytt\u00f6\u00f6n s\u00e4hk\u00f6posti-ilmoitukset ilmoituksiin tai vastauksiin tulleista uusista vastauksista.<\/p><p>Ilmoituksia voi luoda ja ketjuihin voi vastata my\u00f6s vieraana. T\u00e4ll\u00f6in muut k\u00e4ytt\u00e4j\u00e4t eiv\u00e4t kuitenkaan n\u00e4e vieraan k\u00e4ytt\u00e4j\u00e4nime\u00e4 ja s\u00e4hk\u00f6postia, vaan yhteystiedot on tarvittessa vaihdettava erikseen. My\u00f6sk\u00e4\u00e4n s\u00e4hk\u00f6posti-ilmoituksia uusista vastauksista ei voi ottaa vieraana k\u00e4ytt\u00f6\u00f6n eik\u00e4 vieraana voi liitt\u00e4\u00e4 ilmoituksiin kuvia.<\/p><\/div>\n\t\t\t\t\t<\/div><div class=\"eael-accordion-list\">\n\t\t\t\t\t<div id=\"kyttjtilin-luominen-muokkaaminen-ja-poistaminen\" class=\"elementor-tab-title eael-accordion-header\" tabindex=\"0\" data-tab=\"2\" aria-controls=\"elementor-tab-content-2372\"><span class=\"eael-advanced-accordion-icon-closed\"><i aria-hidden=\"true\" class=\"fa-accordion-icon fas fa-plus\"><\/i><\/span><span class=\"eael-advanced-accordion-icon-opened\"><i aria-hidden=\"true\" class=\"fa-accordion-icon fas fa-minus\"><\/i><\/span><span class=\"eael-accordion-tab-title\">K\u00e4ytt\u00e4j\u00e4tilin luominen, muokkaaminen ja poistaminen<\/span><i aria-hidden=\"true\" class=\"fa-toggle fas fa-angle-right\"><\/i><\/div><div id=\"elementor-tab-content-2372\" class=\"eael-accordion-content clearfix\" data-tab=\"2\" aria-labelledby=\"kyttjtilin-luominen-muokkaaminen-ja-poistaminen\"><p>Uuden k\u00e4ytt\u00e4j\u00e4tilin voi luoda klikkamalla\u00a0<em>Rekister\u00f6idy<\/em>-painiketta ILCA-p\u00f6rssin yl\u00e4palkissa. Seuraavaksi tulee m\u00e4\u00e4ritt\u00e4\u00e4 haluttu k\u00e4ytt\u00e4j\u00e4tunnus sek\u00e4 s\u00e4hk\u00f6postiosoite. Lopuksi asetettuun s\u00e4hk\u00f6postiin l\u00e4hetet\u00e4\u00e4n viesti, jolla osoite vahvistetaan ja asetetaan k\u00e4ytt\u00e4j\u00e4tilille salasana. T\u00e4m\u00e4n j\u00e4lkeen k\u00e4ytt\u00e4j\u00e4tilill\u00e4 voi luoda uusia ilmoituksia sek\u00e4 vastata muiden ilmoituksiin ILCA-p\u00f6rssiss\u00e4.<\/p><p>K\u00e4ytt\u00e4j\u00e4tili\u00e4 voi muokata sis\u00e4\u00e4nkirjautuneena selainikkunan oikeassa yl\u00e4kulmassa olevan k\u00e4ytt\u00e4j\u00e4tilipainikkeen kautta. Muokkausn\u00e4kym\u00e4n kentist\u00e4 suurin osa on tarpeettomia ja n\u00e4kyv\u00e4t vain k\u00e4ytt\u00e4j\u00e4lle itselleen sek\u00e4 sivuston yll\u00e4pit\u00e4jille. Muokkausn\u00e4kym\u00e4n alaosasta l\u00f6ytyy kuitenkin asetukset salasanan vaihtamiseen (<em>Kirjautumisen hallinta<\/em> -otsikon alla), s\u00e4hk\u00f6posti-ilmoitusten kytkemiseen p\u00e4\u00e4lle tai pois sek\u00e4 k\u00e4ytt\u00e4j\u00e4tilin poistamiseen.<\/p><\/div>\n\t\t\t\t\t<\/div><div class=\"eael-accordion-list\">\n\t\t\t\t\t<div id=\"vanhojen-ilmoitusten-lukitseminen-ja-poistaminen\" class=\"elementor-tab-title eael-accordion-header\" tabindex=\"0\" data-tab=\"3\" aria-controls=\"elementor-tab-content-2373\"><span class=\"eael-advanced-accordion-icon-closed\"><i aria-hidden=\"true\" class=\"fa-accordion-icon fas fa-plus\"><\/i><\/span><span class=\"eael-advanced-accordion-icon-opened\"><i aria-hidden=\"true\" class=\"fa-accordion-icon fas fa-minus\"><\/i><\/span><span class=\"eael-accordion-tab-title\">Vanhojen ilmoitusten lukitseminen ja poistaminen<\/span><i aria-hidden=\"true\" class=\"fa-toggle fas fa-angle-right\"><\/i><\/div><div id=\"elementor-tab-content-2373\" class=\"eael-accordion-content clearfix\" data-tab=\"3\" aria-labelledby=\"vanhojen-ilmoitusten-lukitseminen-ja-poistaminen\"><p>K\u00e4ytt\u00e4j\u00e4tilille kirjautuneena voi omat ilmoituksensa, joihin ei ole kirjoitettu vastauksia, poistaa. Jos ilmoitukseen on vastattu, voi ilmoituksen tekij\u00e4 lukita sen. Lukitut ilmoitukset poistuvat sivustolta s\u00e4\u00e4nn\u00f6llisin v\u00e4liajoin.<\/p><p>Vieraana tehtyj\u00e4 ilmoituksia ei voi poistaa tai lukita. Sen sijaan v\u00e4hint\u00e4\u00e4n kuusi kuukautta vanhat vieraiden tekem\u00e4t ilmoitukset poistetaan sivuston yll\u00e4pidon toimesta s\u00e4\u00e4nn\u00f6llisin v\u00e4liajoin.<\/p><\/div>\n\t\t\t\t\t<\/div><\/div>\t\t\t\t<\/div>\n\t\t\t\t<\/div>\n\t\t\t\t\t<\/div>\n\t\t\t\t<\/div>\n\t\t\t\t<\/div>","protected":false},"excerpt":{"rendered":"<p>Ohjeet ILCA-p\u00f6rssin k\u00e4ytt\u00f6\u00f6n Uuden ilmoituksen luominen ja ilmoituksiin vastaaminen Voit luoda uusia ilmoituksia ja vastata ilmoituksiin eri palstoille joko vieraana tai luomalla ja kirjautumalla k\u00e4ytt\u00e4j\u00e4tilillesi. Ilmoituksiin ja vastauksiin voi my\u00f6s liitt\u00e4\u00e4 kuvia. Kirjautuneena tehtyj\u00e4 ilmoituksia voi muokata j\u00e4lkik\u00e4teen ja muut ILCA-p\u00f6rssin k\u00e4ytt\u00e4j\u00e4t n\u00e4kev\u00e4t suoraan ilmoitusten ja vastausten julkaisijan k\u00e4ytt\u00e4j\u00e4nimen ja s\u00e4hk\u00f6postiosoitteen. Kirjautuneena voi my\u00f6s ottaa&hellip;&nbsp;<a href=\"https:\/\/www.ilca.fi\/sv\/ilca-porssin-ohjeet\/\" rel=\"bookmark\">L\u00e4s mer &raquo;<span class=\"screen-reader-text\">S\u00e5 h\u00e4r anv\u00e4nder du ILCA-b\u00f6rsen<\/span><\/a><\/p>","protected":false},"author":5,"featured_media":0,"parent":0,"menu_order":0,"comment_status":"closed","ping_status":"closed","template":"page-templates\/template-pagebuilder-full-width.php","meta":{"neve_meta_sidebar":"","neve_meta_container":"","neve_meta_enable_content_width":"","neve_meta_content_width":0,"neve_meta_title_alignment":"","neve_meta_author_avatar":"","neve_post_elements_order":"","neve_meta_disable_header":"","neve_meta_disable_footer":"","neve_meta_disable_title":"","footnotes":""},"class_list":["post-7545","page","type-page","status-publish","hentry"],"yoast_head":"<!-- This site is optimized with the Yoast SEO plugin v27.3 - https:\/\/yoast.com\/product\/yoast-seo-wordpress\/ -->\n<title>Ohjeet ILCA-p\u00f6rssin k\u00e4ytt\u00f6\u00f6n - ILCA Finland<\/title>\n<meta name=\"robots\" content=\"index, follow, max-snippet:-1, max-image-preview:large, max-video-preview:-1\" \/>\n<link rel=\"canonical\" href=\"https:\/\/www.ilca.fi\/sv\/ilca-porssin-ohjeet\/\" \/>\n<meta property=\"og:locale\" content=\"sv_SE\" \/>\n<meta property=\"og:type\" content=\"article\" \/>\n<meta property=\"og:title\" content=\"Ohjeet ILCA-p\u00f6rssin k\u00e4ytt\u00f6\u00f6n - ILCA Finland\" \/>\n<meta property=\"og:description\" content=\"Ohjeet ILCA-p\u00f6rssin k\u00e4ytt\u00f6\u00f6n Uuden ilmoituksen luominen ja ilmoituksiin vastaaminen Voit luoda uusia ilmoituksia ja vastata ilmoituksiin eri palstoille joko vieraana tai luomalla ja kirjautumalla k\u00e4ytt\u00e4j\u00e4tilillesi. Ilmoituksiin ja vastauksiin voi my\u00f6s liitt\u00e4\u00e4 kuvia. Kirjautuneena tehtyj\u00e4 ilmoituksia voi muokata j\u00e4lkik\u00e4teen ja muut ILCA-p\u00f6rssin k\u00e4ytt\u00e4j\u00e4t n\u00e4kev\u00e4t suoraan ilmoitusten ja vastausten julkaisijan k\u00e4ytt\u00e4j\u00e4nimen ja s\u00e4hk\u00f6postiosoitteen. Kirjautuneena voi my\u00f6s ottaa&hellip;&nbsp;L\u00e4s mer &raquo;Ohjeet ILCA-p\u00f6rssin k\u00e4ytt\u00f6\u00f6n\" \/>\n<meta property=\"og:url\" content=\"https:\/\/www.ilca.fi\/sv\/ilca-porssin-ohjeet\/\" \/>\n<meta property=\"og:site_name\" content=\"ILCA Finland\" \/>\n<meta property=\"article:modified_time\" content=\"2025-03-04T08:56:11+00:00\" \/>\n<meta name=\"twitter:card\" content=\"summary_large_image\" \/>\n<meta name=\"twitter:label1\" content=\"Ber\u00e4knad l\u00e4stid\" \/>\n\t<meta name=\"twitter:data1\" content=\"2 minuter\" \/>\n<script type=\"application\/ld+json\" class=\"yoast-schema-graph\">{\"@context\":\"https:\\\/\\\/schema.org\",\"@graph\":[{\"@type\":\"WebPage\",\"@id\":\"https:\\\/\\\/www.ilca.fi\\\/ilca-porssin-ohjeet\\\/\",\"url\":\"https:\\\/\\\/www.ilca.fi\\\/ilca-porssin-ohjeet\\\/\",\"name\":\"Ohjeet ILCA-p\u00f6rssin k\u00e4ytt\u00f6\u00f6n - ILCA Finland\",\"isPartOf\":{\"@id\":\"https:\\\/\\\/www.ilca.fi\\\/#website\"},\"datePublished\":\"2025-02-08T11:31:29+00:00\",\"dateModified\":\"2025-03-04T08:56:11+00:00\",\"inLanguage\":\"sv-SE\",\"potentialAction\":[{\"@type\":\"ReadAction\",\"target\":[\"https:\\\/\\\/www.ilca.fi\\\/ilca-porssin-ohjeet\\\/\"]}]},{\"@type\":\"WebSite\",\"@id\":\"https:\\\/\\\/www.ilca.fi\\\/#website\",\"url\":\"https:\\\/\\\/www.ilca.fi\\\/\",\"name\":\"ILCA Finland\",\"description\":\"Suomen ILCA-luokkaliitto\",\"publisher\":{\"@id\":\"https:\\\/\\\/www.ilca.fi\\\/#organization\"},\"potentialAction\":[{\"@type\":\"SearchAction\",\"target\":{\"@type\":\"EntryPoint\",\"urlTemplate\":\"https:\\\/\\\/www.ilca.fi\\\/?s={search_term_string}\"},\"query-input\":{\"@type\":\"PropertyValueSpecification\",\"valueRequired\":true,\"valueName\":\"search_term_string\"}}],\"inLanguage\":\"sv-SE\"},{\"@type\":\"Organization\",\"@id\":\"https:\\\/\\\/www.ilca.fi\\\/#organization\",\"name\":\"ILCA Finland\",\"url\":\"https:\\\/\\\/www.ilca.fi\\\/\",\"logo\":{\"@type\":\"ImageObject\",\"inLanguage\":\"sv-SE\",\"@id\":\"https:\\\/\\\/www.ilca.fi\\\/#\\\/schema\\\/logo\\\/image\\\/\",\"url\":\"https:\\\/\\\/www.ilca.fi\\\/wp-content\\\/uploads\\\/2020\\\/09\\\/ILCA-350x100-1.png\",\"contentUrl\":\"https:\\\/\\\/www.ilca.fi\\\/wp-content\\\/uploads\\\/2020\\\/09\\\/ILCA-350x100-1.png\",\"width\":350,\"height\":100,\"caption\":\"ILCA Finland\"},\"image\":{\"@id\":\"https:\\\/\\\/www.ilca.fi\\\/#\\\/schema\\\/logo\\\/image\\\/\"}}]}<\/script>\n<!-- \/ Yoast SEO plugin. -->","yoast_head_json":{"title":"Ohjeet ILCA-p\u00f6rssin k\u00e4ytt\u00f6\u00f6n - ILCA Finland","robots":{"index":"index","follow":"follow","max-snippet":"max-snippet:-1","max-image-preview":"max-image-preview:large","max-video-preview":"max-video-preview:-1"},"canonical":"https:\/\/www.ilca.fi\/sv\/ilca-porssin-ohjeet\/","og_locale":"sv_SE","og_type":"article","og_title":"Ohjeet ILCA-p\u00f6rssin k\u00e4ytt\u00f6\u00f6n - ILCA Finland","og_description":"Ohjeet ILCA-p\u00f6rssin k\u00e4ytt\u00f6\u00f6n Uuden ilmoituksen luominen ja ilmoituksiin vastaaminen Voit luoda uusia ilmoituksia ja vastata ilmoituksiin eri palstoille joko vieraana tai luomalla ja kirjautumalla k\u00e4ytt\u00e4j\u00e4tilillesi. Ilmoituksiin ja vastauksiin voi my\u00f6s liitt\u00e4\u00e4 kuvia. Kirjautuneena tehtyj\u00e4 ilmoituksia voi muokata j\u00e4lkik\u00e4teen ja muut ILCA-p\u00f6rssin k\u00e4ytt\u00e4j\u00e4t n\u00e4kev\u00e4t suoraan ilmoitusten ja vastausten julkaisijan k\u00e4ytt\u00e4j\u00e4nimen ja s\u00e4hk\u00f6postiosoitteen. Kirjautuneena voi my\u00f6s ottaa&hellip;&nbsp;L\u00e4s mer &raquo;Ohjeet ILCA-p\u00f6rssin k\u00e4ytt\u00f6\u00f6n","og_url":"https:\/\/www.ilca.fi\/sv\/ilca-porssin-ohjeet\/","og_site_name":"ILCA Finland","article_modified_time":"2025-03-04T08:56:11+00:00","twitter_card":"summary_large_image","twitter_misc":{"Ber\u00e4knad l\u00e4stid":"2 minuter"},"schema":{"@context":"https:\/\/schema.org","@graph":[{"@type":"WebPage","@id":"https:\/\/www.ilca.fi\/ilca-porssin-ohjeet\/","url":"https:\/\/www.ilca.fi\/ilca-porssin-ohjeet\/","name":"Ohjeet ILCA-p\u00f6rssin k\u00e4ytt\u00f6\u00f6n - ILCA Finland","isPartOf":{"@id":"https:\/\/www.ilca.fi\/#website"},"datePublished":"2025-02-08T11:31:29+00:00","dateModified":"2025-03-04T08:56:11+00:00","inLanguage":"sv-SE","potentialAction":[{"@type":"ReadAction","target":["https:\/\/www.ilca.fi\/ilca-porssin-ohjeet\/"]}]},{"@type":"WebSite","@id":"https:\/\/www.ilca.fi\/#website","url":"https:\/\/www.ilca.fi\/","name":"ILCA Finland","description":"Finska ILCA klassf\u00f6rbundet","publisher":{"@id":"https:\/\/www.ilca.fi\/#organization"},"potentialAction":[{"@type":"SearchAction","target":{"@type":"EntryPoint","urlTemplate":"https:\/\/www.ilca.fi\/?s={search_term_string}"},"query-input":{"@type":"PropertyValueSpecification","valueRequired":true,"valueName":"search_term_string"}}],"inLanguage":"sv-SE"},{"@type":"Organization","@id":"https:\/\/www.ilca.fi\/#organization","name":"ILCA Finland","url":"https:\/\/www.ilca.fi\/","logo":{"@type":"ImageObject","inLanguage":"sv-SE","@id":"https:\/\/www.ilca.fi\/#\/schema\/logo\/image\/","url":"https:\/\/www.ilca.fi\/wp-content\/uploads\/2020\/09\/ILCA-350x100-1.png","contentUrl":"https:\/\/www.ilca.fi\/wp-content\/uploads\/2020\/09\/ILCA-350x100-1.png","width":350,"height":100,"caption":"ILCA Finland"},"image":{"@id":"https:\/\/www.ilca.fi\/#\/schema\/logo\/image\/"}}]}},"_links":{"self":[{"href":"https:\/\/www.ilca.fi\/sv\/wp-json\/wp\/v2\/pages\/7545","targetHints":{"allow":["GET"]}}],"collection":[{"href":"https:\/\/www.ilca.fi\/sv\/wp-json\/wp\/v2\/pages"}],"about":[{"href":"https:\/\/www.ilca.fi\/sv\/wp-json\/wp\/v2\/types\/page"}],"author":[{"embeddable":true,"href":"https:\/\/www.ilca.fi\/sv\/wp-json\/wp\/v2\/users\/5"}],"replies":[{"embeddable":true,"href":"https:\/\/www.ilca.fi\/sv\/wp-json\/wp\/v2\/comments?post=7545"}],"version-history":[{"count":0,"href":"https:\/\/www.ilca.fi\/sv\/wp-json\/wp\/v2\/pages\/7545\/revisions"}],"wp:attachment":[{"href":"https:\/\/www.ilca.fi\/sv\/wp-json\/wp\/v2\/media?parent=7545"}],"curies":[{"name":"wp","href":"https:\/\/api.w.org\/{rel}","templated":true}]}}