{"id":7534,"date":"2025-02-07T20:57:53","date_gmt":"2025-02-07T18:57:53","guid":{"rendered":"https:\/\/ilca1.wpenginepowered.com\/forum\/"},"modified":"2025-06-11T21:50:25","modified_gmt":"2025-06-11T18:50:25","slug":"ilca-porssi","status":"publish","type":"page","link":"https:\/\/www.ilca.fi\/sv\/ilca-porssi\/","title":{"rendered":"ILCA-b\u00f6rs"},"content":{"rendered":"<p>ILCA-p\u00f6rssin kautta voit myyd\u00e4 ja ostaa ILCA-veneit\u00e4, -tarvikkeita ja -purjehdusvarusteita. Voit luoda ilmoituksia ja vastata niihin <a href=\"https:\/\/www.ilca.fi\/wp-login.php?action=register\">luomalla oman tilin<\/a> tai vieraana ilman tili\u00e4. Tilin luomalla k\u00e4yt\u00f6ss\u00e4si on laajempi ty\u00f6kalupakki, ja voit esimerkiksi lis\u00e4t\u00e4 kuvia ilmoitukseesi sek\u00e4 poistaa sen, kun kaupat ovat syntyneet. Katso tarvittaessa <a href=\"https:\/\/www.ilca.fi\/sv\/ilca-porssi\/ohjeet\/\">tarkemmat ohjeet ILCA-p\u00f6rssin k\u00e4ytt\u00f6\u00f6n<\/a>.<\/p>\n\n\n\n<p><strong>Import\u00f6rer<\/strong><br><a href=\"https:\/\/ka-sailing.fi\/\" target=\"_blank\" rel=\"noreferrer noopener\">KA-Sailing<\/a> (Element 6 Evolution -b\u00e5tar, b\u00e5tdelar, tillbeh\u00f6r och kl\u00e4der)<br><a href=\"https:\/\/dinghystore.com\/\" target=\"_blank\" rel=\"noreferrer noopener\">Dinghystore <\/a>(Performance Sailcraft)<\/p>\n\n\n\n<p>B\u00e5tdelar och tillbeh\u00f6r f\u00f6r ILCA-b\u00e5tar kan ocks\u00e5 hittas i m\u00e5nga andra b\u00e5ttillbeh\u00f6rsbutiker, samt i t.ex. Motonet och Bauhaus.<\/p>\n\n\n<div id=\"af-wrapper\"><div id=\"forum-header\"><div id=\"forum-navigation-mobile\"><a><span class=\"fas fa-bars\"><\/span>Meny<\/a><\/div><span class=\"screen-reader-text\">Forumnavigering<\/span><div id=\"forum-navigation\"><a class=\"home-link\" href=\"https:\/\/www.ilca.fi\/sv\/ilca-porssi\" target=\"_self\">Forum<\/a><a class=\"activity-link\" href=\"https:\/\/www.ilca.fi\/sv\/ilca-porssi\/activity\/\" target=\"_self\">Aktivitet<\/a><a class=\"login-link\" href=\"https:\/\/www.ilca.fi\/wp-login.php?redirect_to=https%3A%2F%2Fwww.ilca.fi%2Fsv%2Fwp-json%2Fwp%2Fv2%2Fpages%2F7534\" target=\"_self\">Logga in<\/a><a class=\"register-link\" href=\"https:\/\/www.ilca.fi\/wp-login.php?action=register\" target=\"_self\">Registrera<\/a><\/div><div id=\"forum-search\"><span class=\"search-icon fas fa-search\"><\/span><form method=\"get\" action=\"https:\/\/www.ilca.fi\/sv\/ilca-porssi\/haku\/\" data-trp-original-action=\"https:\/\/www.ilca.fi\/sv\/ilca-porssi\/haku\/\"><input name=\"keywords\" type=\"search\" placeholder=\"S\u00f6k \u2026\" value=\"\"><input type=\"hidden\" name=\"trp-form-language\" value=\"sv\"\/><\/form><\/div><div class=\"clear\"><\/div><\/div><div id=\"forum-breadcrumbs\" itemscope itemtype=\"http:\/\/schema.org\/BreadcrumbList\"><span class=\"screen-reader-text\">Synliga s\u00f6kv\u00e4gar i forum \u2013 Du \u00e4r h\u00e4r:<\/span><span class=\"breadcrumb-icon fas fa-home\"><\/span><span itemprop=\"itemListElement\" itemscope itemtype=\"https:\/\/schema.org\/ListItem\"><a itemprop=\"item\" href=\"https:\/\/www.ilca.fi\/sv\/ilca-porssi\" title=\"ILCA-b\u00f6rs\"><span itemprop=\"name\">ILCA-b\u00f6rs<\/span><\/a><meta itemprop=\"position\" content=\"1\"><\/span><span class=\"breadcrumb-icon fas fa-chevron-right separator\"><\/span><\/div><h1 class=\"main-title main-title-\">ILCA-b\u00f6rs<\/h1><div class=\"title-element\" id=\"forum-category-19\">B\u00e5tar<span class=\"last-post-headline\">Sista inl\u00e4gget<\/span><\/div><div class=\"content-container\"><div class=\"content-element forum\" id=\"forum-4\"><div class=\"forum-status unread\"><i class=\"fa-solid fa-tags\"><\/i><\/div><div class=\"forum-name\"><a class=\"forum-title\" href=\"https:\/\/www.ilca.fi\/sv\/ilca-porssi\/ilca-porssi\/myydaan\/\">S\u00e4ljs<\/a><small class=\"forum-stats\">13 \u00e4mnen&nbsp;&middot;&nbsp;13 inl\u00e4gg<\/small><small class=\"forum-lastpost-small\">Sista inl\u00e4gget:&nbsp;<a href=\"https:\/\/www.ilca.fi\/sv\/ilca-porssi\/aihe\/myydaan-ilca-7-181973-2500e\/#postid-101\">Myyd\u00e4\u00e4n -- ILCA 7 #181973 -- 2500\u20ac<\/a>&nbsp;&middot;&nbsp;<a href=\"https:\/\/www.ilca.fi\/sv\/ilca-porssi\/aihe\/myydaan-ilca-7-181973-2500e\/#postid-101\">2 dagar sedan<\/a>&nbsp;&middot;&nbsp;<a class=\"profile-link highlight-default\" href=\"https:\/\/www.ilca.fi\/sv\/ilca-porssi\/profiili\/jussi-kallasvuogmail-com\/\">jussi.kallasvuo@gmail.com<\/a><\/small><\/div><div class=\"forum-poster\"><div class=\"forum-poster-summary\"><a href=\"https:\/\/www.ilca.fi\/sv\/ilca-porssi\/aihe\/myydaan-ilca-7-181973-2500e\/#postid-101\">Myyd\u00e4\u00e4n -- ILCA 7 #181973 &#8230;<\/a><br><small><a href=\"https:\/\/www.ilca.fi\/sv\/ilca-porssi\/aihe\/myydaan-ilca-7-181973-2500e\/#postid-101\">2 dagar sedan<\/a><span>&nbsp;&middot;&nbsp;<\/span><a class=\"profile-link highlight-default\" href=\"https:\/\/www.ilca.fi\/sv\/ilca-porssi\/profiili\/jussi-kallasvuogmail-com\/\">jussi.kallasvuo@gmail.com<\/a><\/small><\/div><\/div><\/div><div class=\"content-element forum\" id=\"forum-5\"><div class=\"forum-status unread\"><i class=\"fa-solid fa-hand-holding-dollar\"><\/i><\/div><div class=\"forum-name\"><a class=\"forum-title\" href=\"https:\/\/www.ilca.fi\/sv\/ilca-porssi\/ilca-porssi\/ostetaan-2\/\">K\u00f6ps<\/a><small class=\"forum-stats\">4 \u00e4mnen&nbsp;&middot;&nbsp;4 inl\u00e4gg<\/small><small class=\"forum-lastpost-small\">Sista inl\u00e4gget:&nbsp;<a href=\"https:\/\/www.ilca.fi\/sv\/ilca-porssi\/aihe\/ostetaan-ilca-4\/#postid-93\">Ostetaan Ilca 4<\/a>&nbsp;&middot;&nbsp;<a href=\"https:\/\/www.ilca.fi\/sv\/ilca-porssi\/aihe\/ostetaan-ilca-4\/#postid-93\">3 veckor sedan<\/a>&nbsp;&middot;&nbsp;G\u00e4st<\/small><\/div><div class=\"forum-poster\"><div class=\"forum-poster-summary\"><a href=\"https:\/\/www.ilca.fi\/sv\/ilca-porssi\/aihe\/ostetaan-ilca-4\/#postid-93\">Ostetaan Ilca 4<\/a><br><small><a href=\"https:\/\/www.ilca.fi\/sv\/ilca-porssi\/aihe\/ostetaan-ilca-4\/#postid-93\">3 veckor sedan<\/a><span>&nbsp;&middot;&nbsp;<\/span>G\u00e4st<\/small><\/div><\/div><\/div><\/div><div class=\"title-element\" id=\"forum-category-22\">B\u00e5tdelar, segel och andra tillbeh\u00f6r<span class=\"last-post-headline\">Sista inl\u00e4gget<\/span><\/div><div class=\"content-container\"><div class=\"content-element forum\" id=\"forum-8\"><div class=\"forum-status unread\"><i class=\"fa-solid fa-tags\"><\/i><\/div><div class=\"forum-name\"><a class=\"forum-title\" href=\"https:\/\/www.ilca.fi\/sv\/ilca-porssi\/ilca-porssi\/myydaan-2\/\">S\u00e4ljs<\/a><small class=\"forum-stats\">2 \u00e4mnen&nbsp;&middot;&nbsp;2 inl\u00e4gg<\/small><small class=\"forum-lastpost-small\">Sista inl\u00e4gget:&nbsp;<a href=\"https:\/\/www.ilca.fi\/sv\/ilca-porssi\/aihe\/raymarine-digitaalinen-kompassi-teline\/#postid-104\">Raymarine digitaalinen kompassi +  &#8230;<\/a>&nbsp;&middot;&nbsp;<a href=\"https:\/\/www.ilca.fi\/sv\/ilca-porssi\/aihe\/raymarine-digitaalinen-kompassi-teline\/#postid-104\">19 timmar sedan<\/a>&nbsp;&middot;&nbsp;<a class=\"profile-link highlight-default\" href=\"https:\/\/www.ilca.fi\/sv\/ilca-porssi\/profiili\/atte-timmerbacka\/\">Atte.Timmerbacka<\/a><\/small><\/div><div class=\"forum-poster\"><div class=\"forum-poster-summary\"><a href=\"https:\/\/www.ilca.fi\/sv\/ilca-porssi\/aihe\/raymarine-digitaalinen-kompassi-teline\/#postid-104\">Raymarine digitaalinen ko &#8230;<\/a><br><small><a href=\"https:\/\/www.ilca.fi\/sv\/ilca-porssi\/aihe\/raymarine-digitaalinen-kompassi-teline\/#postid-104\">19 timmar sedan<\/a><span>&nbsp;&middot;&nbsp;<\/span><a class=\"profile-link highlight-default\" href=\"https:\/\/www.ilca.fi\/sv\/ilca-porssi\/profiili\/atte-timmerbacka\/\">Atte.Timmerbacka<\/a><\/small><\/div><\/div><\/div><div class=\"content-element forum\" id=\"forum-9\"><div class=\"forum-status unread\"><i class=\"fa-solid fa-hand-holding-dollar\"><\/i><\/div><div class=\"forum-name\"><a class=\"forum-title\" href=\"https:\/\/www.ilca.fi\/sv\/ilca-porssi\/ilca-porssi\/ostetaan\/\">K\u00f6ps<\/a><small class=\"forum-stats\">1 \u00e4mne&nbsp;&middot;&nbsp;5 inl\u00e4gg<\/small><small class=\"forum-lastpost-small\">Sista inl\u00e4gget:&nbsp;<a href=\"https:\/\/www.ilca.fi\/sv\/ilca-porssi\/aihe\/ilca-6-alamasto-hiilikuitu-ja-treenikuntoinen-ilca-6-purje\/#postid-102\">ILCA 6 alamasto (hiilikuitu) ja tr &#8230;<\/a>&nbsp;&middot;&nbsp;<a href=\"https:\/\/www.ilca.fi\/sv\/ilca-porssi\/aihe\/ilca-6-alamasto-hiilikuitu-ja-treenikuntoinen-ilca-6-purje\/#postid-102\">1 dag sedan<\/a>&nbsp;&middot;&nbsp;G\u00e4st<\/small><\/div><div class=\"forum-poster\"><div class=\"forum-poster-summary\"><a href=\"https:\/\/www.ilca.fi\/sv\/ilca-porssi\/aihe\/ilca-6-alamasto-hiilikuitu-ja-treenikuntoinen-ilca-6-purje\/#postid-102\">ILCA 6 alamasto (hiilikui &#8230;<\/a><br><small><a href=\"https:\/\/www.ilca.fi\/sv\/ilca-porssi\/aihe\/ilca-6-alamasto-hiilikuitu-ja-treenikuntoinen-ilca-6-purje\/#postid-102\">1 dag sedan<\/a><span>&nbsp;&middot;&nbsp;<\/span>G\u00e4st<\/small><\/div><\/div><\/div><\/div><div class=\"title-element\" id=\"forum-category-23\">Seglarkl\u00e4der och -tillbeh\u00f6r<span class=\"last-post-headline\">Sista inl\u00e4gget<\/span><\/div><div class=\"content-container\"><div class=\"content-element forum\" id=\"forum-10\"><div class=\"forum-status read\"><i class=\"fa-solid fa-tags\"><\/i><\/div><div class=\"forum-name\"><a class=\"forum-title\" href=\"https:\/\/www.ilca.fi\/sv\/ilca-porssi\/ilca-porssi\/myydaan-3\/\">S\u00e4ljs<\/a><small class=\"forum-stats\">0 \u00e4mnen&nbsp;&middot;&nbsp;0 inl\u00e4gg<\/small><small class=\"forum-lastpost-small\"><small class=\"no-topics\">Inga \u00e4mnen \u00e4nnu!<\/small><\/small><\/div><div class=\"forum-poster\"><small class=\"no-topics\">Inga \u00e4mnen \u00e4nnu!<\/small><\/div><\/div><div class=\"content-element forum\" id=\"forum-11\"><div class=\"forum-status read\"><i class=\"fa-solid fa-hand-holding-dollar\"><\/i><\/div><div class=\"forum-name\"><a class=\"forum-title\" href=\"https:\/\/www.ilca.fi\/sv\/ilca-porssi\/ilca-porssi\/ostetaan-3\/\">K\u00f6ps<\/a><small class=\"forum-stats\">0 \u00e4mnen&nbsp;&middot;&nbsp;0 inl\u00e4gg<\/small><small class=\"forum-lastpost-small\"><small class=\"no-topics\">Inga \u00e4mnen \u00e4nnu!<\/small><\/small><\/div><div class=\"forum-poster\"><small class=\"no-topics\">Inga \u00e4mnen \u00e4nnu!<\/small><\/div><\/div><\/div><div id=\"read-unread\"><span class=\"indicator unread\"><\/span><span class=\"indicator-label\">Nya inl\u00e4gg<\/span><span class=\"indicator read\"><\/span><span class=\"indicator-label\">Ingenting nytt<\/span><span class=\"indicator-label\"><span class=\"fas fa-check\"><\/span><a href=\"https:\/\/www.ilca.fi\/sv\/ilca-porssi\/merkitse-kaikki-luetuksi\/?_wpnonce=57651f7075\">Markera alla som l\u00e4sta<\/a><\/span><span class=\"indicator-label\"><span class=\"fas fa-history\"><\/span><a href=\"https:\/\/www.ilca.fi\/sv\/ilca-porssi\/lukemattomat\/\">Visa ol\u00e4sta \u00e4mnen<\/a><\/span><div class=\"clear\"><\/div><\/div><div id=\"bottom-navigation\"><\/div><div class=\"clear\"><\/div><\/div>\n\n\n<p><\/p>","protected":false},"excerpt":{"rendered":"<p>ILCA-p\u00f6rssin kautta voit myyd\u00e4 ja ostaa ILCA-veneit\u00e4, -tarvikkeita ja -purjehdusvarusteita. Voit luoda ilmoituksia ja vastata niihin luomalla oman tilin tai vieraana ilman tili\u00e4. Tilin luomalla k\u00e4yt\u00f6ss\u00e4si on laajempi ty\u00f6kalupakki, ja voit esimerkiksi lis\u00e4t\u00e4 kuvia ilmoitukseesi sek\u00e4 poistaa sen, kun kaupat ovat syntyneet. Katso tarvittaessa tarkemmat ohjeet ILCA-p\u00f6rssin k\u00e4ytt\u00f6\u00f6n. MaahantuojatKA-Sailing (Element 6 Evolution -veneet, veneen osat,&hellip;&nbsp;<a href=\"https:\/\/www.ilca.fi\/sv\/ilca-porssi\/\" rel=\"bookmark\">L\u00e4s mer &raquo;<span class=\"screen-reader-text\">ILCA-b\u00f6rs<\/span><\/a><\/p>","protected":false},"author":5,"featured_media":0,"parent":0,"menu_order":0,"comment_status":"closed","ping_status":"closed","template":"","meta":{"neve_meta_sidebar":"","neve_meta_container":"","neve_meta_enable_content_width":"","neve_meta_content_width":0,"neve_meta_title_alignment":"","neve_meta_author_avatar":"","neve_post_elements_order":"","neve_meta_disable_header":"","neve_meta_disable_footer":"","neve_meta_disable_title":"","footnotes":""},"class_list":["post-7534","page","type-page","status-publish","hentry"],"yoast_head":"<!-- This site is optimized with the Yoast SEO plugin v27.2 - https:\/\/yoast.com\/product\/yoast-seo-wordpress\/ -->\n<title>ILCA-p\u00f6rssi - ILCA Finland<\/title>\n<meta name=\"robots\" content=\"index, follow, max-snippet:-1, max-image-preview:large, max-video-preview:-1\" \/>\n<link rel=\"canonical\" href=\"https:\/\/www.ilca.fi\/sv\/ilca-porssi\/\" \/>\n<meta property=\"og:locale\" content=\"sv_SE\" \/>\n<meta property=\"og:type\" content=\"article\" \/>\n<meta property=\"og:title\" content=\"ILCA-p\u00f6rssi - ILCA Finland\" \/>\n<meta property=\"og:description\" content=\"ILCA-p\u00f6rssin kautta voit myyd\u00e4 ja ostaa ILCA-veneit\u00e4, -tarvikkeita ja -purjehdusvarusteita. Voit luoda ilmoituksia ja vastata niihin luomalla oman tilin tai vieraana ilman tili\u00e4. Tilin luomalla k\u00e4yt\u00f6ss\u00e4si on laajempi ty\u00f6kalupakki, ja voit esimerkiksi lis\u00e4t\u00e4 kuvia ilmoitukseesi sek\u00e4 poistaa sen, kun kaupat ovat syntyneet. Katso tarvittaessa tarkemmat ohjeet ILCA-p\u00f6rssin k\u00e4ytt\u00f6\u00f6n. MaahantuojatKA-Sailing (Element 6 Evolution -veneet, veneen osat,&hellip;&nbsp;L\u00e4s mer &raquo;ILCA-p\u00f6rssi\" \/>\n<meta property=\"og:url\" content=\"https:\/\/www.ilca.fi\/sv\/ilca-porssi\/\" \/>\n<meta property=\"og:site_name\" content=\"ILCA Finland\" \/>\n<meta property=\"article:modified_time\" content=\"2025-06-11T18:50:25+00:00\" \/>\n<meta name=\"twitter:card\" content=\"summary_large_image\" \/>\n<meta name=\"twitter:label1\" content=\"Ber\u00e4knad l\u00e4stid\" \/>\n\t<meta name=\"twitter:data1\" content=\"1 minut\" \/>\n<script type=\"application\/ld+json\" class=\"yoast-schema-graph\">{\"@context\":\"https:\/\/schema.org\",\"@graph\":[{\"@type\":\"WebPage\",\"@id\":\"https:\/\/www.ilca.fi\/ilca-porssi\/\",\"url\":\"https:\/\/www.ilca.fi\/ilca-porssi\/\",\"name\":\"ILCA-p\u00f6rssi - ILCA Finland\",\"isPartOf\":{\"@id\":\"https:\/\/www.ilca.fi\/#website\"},\"datePublished\":\"2025-02-07T18:57:53+00:00\",\"dateModified\":\"2025-06-11T18:50:25+00:00\",\"inLanguage\":\"sv-SE\",\"potentialAction\":[{\"@type\":\"ReadAction\",\"target\":[\"https:\/\/www.ilca.fi\/ilca-porssi\/\"]}]},{\"@type\":\"WebSite\",\"@id\":\"https:\/\/www.ilca.fi\/#website\",\"url\":\"https:\/\/www.ilca.fi\/\",\"name\":\"ILCA Finland\",\"description\":\"Suomen ILCA-luokkaliitto\",\"publisher\":{\"@id\":\"https:\/\/www.ilca.fi\/#organization\"},\"potentialAction\":[{\"@type\":\"SearchAction\",\"target\":{\"@type\":\"EntryPoint\",\"urlTemplate\":\"https:\/\/www.ilca.fi\/?s={search_term_string}\"},\"query-input\":{\"@type\":\"PropertyValueSpecification\",\"valueRequired\":true,\"valueName\":\"search_term_string\"}}],\"inLanguage\":\"sv-SE\"},{\"@type\":\"Organization\",\"@id\":\"https:\/\/www.ilca.fi\/#organization\",\"name\":\"ILCA Finland\",\"url\":\"https:\/\/www.ilca.fi\/\",\"logo\":{\"@type\":\"ImageObject\",\"inLanguage\":\"sv-SE\",\"@id\":\"https:\/\/www.ilca.fi\/#\/schema\/logo\/image\/\",\"url\":\"https:\/\/www.ilca.fi\/wp-content\/uploads\/2020\/09\/ILCA-350x100-1.png\",\"contentUrl\":\"https:\/\/www.ilca.fi\/wp-content\/uploads\/2020\/09\/ILCA-350x100-1.png\",\"width\":350,\"height\":100,\"caption\":\"ILCA Finland\"},\"image\":{\"@id\":\"https:\/\/www.ilca.fi\/#\/schema\/logo\/image\/\"}}]}<\/script>\n<!-- \/ Yoast SEO plugin. -->","yoast_head_json":{"title":"ILCA-p\u00f6rssi - ILCA Finland","robots":{"index":"index","follow":"follow","max-snippet":"max-snippet:-1","max-image-preview":"max-image-preview:large","max-video-preview":"max-video-preview:-1"},"canonical":"https:\/\/www.ilca.fi\/sv\/ilca-porssi\/","og_locale":"sv_SE","og_type":"article","og_title":"ILCA-p\u00f6rssi - ILCA Finland","og_description":"ILCA-p\u00f6rssin kautta voit myyd\u00e4 ja ostaa ILCA-veneit\u00e4, -tarvikkeita ja -purjehdusvarusteita. Voit luoda ilmoituksia ja vastata niihin luomalla oman tilin tai vieraana ilman tili\u00e4. Tilin luomalla k\u00e4yt\u00f6ss\u00e4si on laajempi ty\u00f6kalupakki, ja voit esimerkiksi lis\u00e4t\u00e4 kuvia ilmoitukseesi sek\u00e4 poistaa sen, kun kaupat ovat syntyneet. Katso tarvittaessa tarkemmat ohjeet ILCA-p\u00f6rssin k\u00e4ytt\u00f6\u00f6n. MaahantuojatKA-Sailing (Element 6 Evolution -veneet, veneen osat,&hellip;&nbsp;L\u00e4s mer &raquo;ILCA-p\u00f6rssi","og_url":"https:\/\/www.ilca.fi\/sv\/ilca-porssi\/","og_site_name":"ILCA Finland","article_modified_time":"2025-06-11T18:50:25+00:00","twitter_card":"summary_large_image","twitter_misc":{"Ber\u00e4knad l\u00e4stid":"1 minut"},"schema":{"@context":"https:\/\/schema.org","@graph":[{"@type":"WebPage","@id":"https:\/\/www.ilca.fi\/ilca-porssi\/","url":"https:\/\/www.ilca.fi\/ilca-porssi\/","name":"ILCA-p\u00f6rssi - ILCA Finland","isPartOf":{"@id":"https:\/\/www.ilca.fi\/#website"},"datePublished":"2025-02-07T18:57:53+00:00","dateModified":"2025-06-11T18:50:25+00:00","inLanguage":"sv-SE","potentialAction":[{"@type":"ReadAction","target":["https:\/\/www.ilca.fi\/ilca-porssi\/"]}]},{"@type":"WebSite","@id":"https:\/\/www.ilca.fi\/#website","url":"https:\/\/www.ilca.fi\/","name":"ILCA Finland","description":"Finska ILCA klassf\u00f6rbundet","publisher":{"@id":"https:\/\/www.ilca.fi\/#organization"},"potentialAction":[{"@type":"SearchAction","target":{"@type":"EntryPoint","urlTemplate":"https:\/\/www.ilca.fi\/?s={search_term_string}"},"query-input":{"@type":"PropertyValueSpecification","valueRequired":true,"valueName":"search_term_string"}}],"inLanguage":"sv-SE"},{"@type":"Organization","@id":"https:\/\/www.ilca.fi\/#organization","name":"ILCA Finland","url":"https:\/\/www.ilca.fi\/","logo":{"@type":"ImageObject","inLanguage":"sv-SE","@id":"https:\/\/www.ilca.fi\/#\/schema\/logo\/image\/","url":"https:\/\/www.ilca.fi\/wp-content\/uploads\/2020\/09\/ILCA-350x100-1.png","contentUrl":"https:\/\/www.ilca.fi\/wp-content\/uploads\/2020\/09\/ILCA-350x100-1.png","width":350,"height":100,"caption":"ILCA Finland"},"image":{"@id":"https:\/\/www.ilca.fi\/#\/schema\/logo\/image\/"}}]}},"_links":{"self":[{"href":"https:\/\/www.ilca.fi\/sv\/wp-json\/wp\/v2\/pages\/7534","targetHints":{"allow":["GET"]}}],"collection":[{"href":"https:\/\/www.ilca.fi\/sv\/wp-json\/wp\/v2\/pages"}],"about":[{"href":"https:\/\/www.ilca.fi\/sv\/wp-json\/wp\/v2\/types\/page"}],"author":[{"embeddable":true,"href":"https:\/\/www.ilca.fi\/sv\/wp-json\/wp\/v2\/users\/5"}],"replies":[{"embeddable":true,"href":"https:\/\/www.ilca.fi\/sv\/wp-json\/wp\/v2\/comments?post=7534"}],"version-history":[{"count":0,"href":"https:\/\/www.ilca.fi\/sv\/wp-json\/wp\/v2\/pages\/7534\/revisions"}],"wp:attachment":[{"href":"https:\/\/www.ilca.fi\/sv\/wp-json\/wp\/v2\/media?parent=7534"}],"curies":[{"name":"wp","href":"https:\/\/api.w.org\/{rel}","templated":true}]}}