{"id":4135,"date":"2019-05-13T10:06:07","date_gmt":"2019-05-13T07:06:07","guid":{"rendered":"https:\/\/ilca1.wpenginepowered.com\/?page_id=4135"},"modified":"2019-05-13T10:07:13","modified_gmt":"2019-05-13T07:07:13","slug":"2017-2","status":"publish","type":"page","link":"https:\/\/www.ilca.fi\/sv\/tulokset-ja-tunnustukset\/2017-2\/","title":{"rendered":"2018"},"content":{"rendered":"<p><strong><a href=\"https:\/\/manage2sail.com\/fi-FI\/Home\/SearchCups?filterYear=2018&amp;filterCountryId=7a61bf1f-b74d-4b3f-9098-5aa2fd387062&amp;filterText=\">Ranking Tulokset 2018<\/a><\/strong><\/p>\n\n\n\n<p><strong>R1 &#8211; <a href=\"http:\/\/www.njk.fi\/wp-content\/uploads\/2018\/05\/v\u00e5rregatta2018.htm\">NJK kev\u00e4tregatta 12-13.5<\/a><\/strong><\/p>\n\n\n\n<p><strong>R2 &#8211; <a href=\"http:\/\/helsinkisailing.com\/downtown-sailing-week\/\">HSS DTSW 8-10.6<\/a><\/strong><\/p>\n\n\n\n<p><strong>R3 &#8211; <a href=\"http:\/\/hsf.fi\/wp-content\/uploads\/2018\/06\/Tulos_2.pdf\">HSF l\u00e4ttb\u00e5tsregatta 16-17.6<\/a><\/strong><\/p>\n\n\n\n<p><strong>R4 &#8211;<\/strong> <strong><a href=\"https:\/\/www.taps.fi\/wp-content\/uploads\/2018\/08\/Lopputulokset.pdf\">Taps Std &amp; 4.7 SM 18.-19.8<\/a><\/strong><\/p>\n\n\n\n<p><strong>R5 &#8211; <a href=\"http:\/\/www.emk.fi\/node\/4017\">EMK Radial SM &amp; Std Ranking<\/a><\/strong><\/p>\n\n\n\n<p><strong>R6 &#8211; <a href=\"https:\/\/manage2sail.com\/fi-FI\/event\/9173cc8f-cc8b-41ae-adfc-5b182083f97d#!\/results?classId=4e2be493-2265-42b1-ab21-7d5782134a74\">MP 15-16.9<\/a><\/strong><\/p>\n\n\n\n<h4 class=\"wp-block-heading\">Laser Masters &#8211; <a href=\"https:\/\/www.nagusegelsallskap.fi\/?x167959=212799\">Nagu 28.-29.7<\/a><\/h4>","protected":false},"excerpt":{"rendered":"<p>Ranking Tulokset 2018 R1 &#8211; NJK kev\u00e4tregatta 12-13.5 R2 &#8211; HSS DTSW 8-10.6 R3 &#8211; HSF l\u00e4ttb\u00e5tsregatta 16-17.6 R4 &#8211; Taps Std &amp; 4.7 SM 18.-19.8 R5 &#8211; EMK Radial SM &amp; Std Ranking R6 &#8211; MP 15-16.9 Laser Masters &#8211; Nagu 28.-29.7<\/p>","protected":false},"author":1,"featured_media":0,"parent":36,"menu_order":0,"comment_status":"closed","ping_status":"closed","template":"","meta":{"neve_meta_sidebar":"","neve_meta_container":"","neve_meta_enable_content_width":"","neve_meta_content_width":70,"neve_meta_title_alignment":"","neve_meta_author_avatar":"","neve_post_elements_order":"","neve_meta_disable_header":"","neve_meta_disable_footer":"","neve_meta_disable_title":"","footnotes":""},"class_list":["post-4135","page","type-page","status-publish","hentry"],"yoast_head":"<!-- This site is optimized with the Yoast SEO plugin v27.3 - https:\/\/yoast.com\/product\/yoast-seo-wordpress\/ -->\n<title>2018 - ILCA Finland<\/title>\n<meta name=\"robots\" content=\"index, follow, max-snippet:-1, max-image-preview:large, max-video-preview:-1\" \/>\n<link rel=\"canonical\" href=\"https:\/\/www.ilca.fi\/sv\/tulokset-ja-tunnustukset\/2017-2\/\" \/>\n<meta property=\"og:locale\" content=\"sv_SE\" \/>\n<meta property=\"og:type\" content=\"article\" \/>\n<meta property=\"og:title\" content=\"2018 - ILCA Finland\" \/>\n<meta property=\"og:description\" content=\"Ranking Tulokset 2018 R1 &#8211; NJK kev\u00e4tregatta 12-13.5 R2 &#8211; HSS DTSW 8-10.6 R3 &#8211; HSF l\u00e4ttb\u00e5tsregatta 16-17.6 R4 &#8211; Taps Std &amp; 4.7 SM 18.-19.8 R5 &#8211; EMK Radial SM &amp; Std Ranking R6 &#8211; MP 15-16.9 Laser Masters &#8211; Nagu 28.-29.7\" \/>\n<meta property=\"og:url\" content=\"https:\/\/www.ilca.fi\/sv\/tulokset-ja-tunnustukset\/2017-2\/\" \/>\n<meta property=\"og:site_name\" content=\"ILCA Finland\" \/>\n<meta property=\"article:modified_time\" content=\"2019-05-13T07:07:13+00:00\" \/>\n<meta name=\"twitter:card\" content=\"summary_large_image\" \/>\n<script type=\"application\/ld+json\" class=\"yoast-schema-graph\">{\"@context\":\"https:\\\/\\\/schema.org\",\"@graph\":[{\"@type\":\"WebPage\",\"@id\":\"https:\\\/\\\/www.ilca.fi\\\/tulokset-ja-tunnustukset\\\/2017-2\\\/\",\"url\":\"https:\\\/\\\/www.ilca.fi\\\/tulokset-ja-tunnustukset\\\/2017-2\\\/\",\"name\":\"2018 - ILCA Finland\",\"isPartOf\":{\"@id\":\"https:\\\/\\\/www.ilca.fi\\\/#website\"},\"datePublished\":\"2019-05-13T07:06:07+00:00\",\"dateModified\":\"2019-05-13T07:07:13+00:00\",\"breadcrumb\":{\"@id\":\"https:\\\/\\\/www.ilca.fi\\\/tulokset-ja-tunnustukset\\\/2017-2\\\/#breadcrumb\"},\"inLanguage\":\"sv-SE\",\"potentialAction\":[{\"@type\":\"ReadAction\",\"target\":[\"https:\\\/\\\/www.ilca.fi\\\/tulokset-ja-tunnustukset\\\/2017-2\\\/\"]}]},{\"@type\":\"BreadcrumbList\",\"@id\":\"https:\\\/\\\/www.ilca.fi\\\/tulokset-ja-tunnustukset\\\/2017-2\\\/#breadcrumb\",\"itemListElement\":[{\"@type\":\"ListItem\",\"position\":1,\"name\":\"Tulokset ja tunnustukset\",\"item\":\"https:\\\/\\\/www.ilca.fi\\\/tulokset-ja-tunnustukset\\\/\"},{\"@type\":\"ListItem\",\"position\":2,\"name\":\"2018\"}]},{\"@type\":\"WebSite\",\"@id\":\"https:\\\/\\\/www.ilca.fi\\\/#website\",\"url\":\"https:\\\/\\\/www.ilca.fi\\\/\",\"name\":\"ILCA Finland\",\"description\":\"Suomen ILCA-luokkaliitto\",\"publisher\":{\"@id\":\"https:\\\/\\\/www.ilca.fi\\\/#organization\"},\"potentialAction\":[{\"@type\":\"SearchAction\",\"target\":{\"@type\":\"EntryPoint\",\"urlTemplate\":\"https:\\\/\\\/www.ilca.fi\\\/?s={search_term_string}\"},\"query-input\":{\"@type\":\"PropertyValueSpecification\",\"valueRequired\":true,\"valueName\":\"search_term_string\"}}],\"inLanguage\":\"sv-SE\"},{\"@type\":\"Organization\",\"@id\":\"https:\\\/\\\/www.ilca.fi\\\/#organization\",\"name\":\"ILCA Finland\",\"url\":\"https:\\\/\\\/www.ilca.fi\\\/\",\"logo\":{\"@type\":\"ImageObject\",\"inLanguage\":\"sv-SE\",\"@id\":\"https:\\\/\\\/www.ilca.fi\\\/#\\\/schema\\\/logo\\\/image\\\/\",\"url\":\"https:\\\/\\\/www.ilca.fi\\\/wp-content\\\/uploads\\\/2020\\\/09\\\/ILCA-350x100-1.png\",\"contentUrl\":\"https:\\\/\\\/www.ilca.fi\\\/wp-content\\\/uploads\\\/2020\\\/09\\\/ILCA-350x100-1.png\",\"width\":350,\"height\":100,\"caption\":\"ILCA Finland\"},\"image\":{\"@id\":\"https:\\\/\\\/www.ilca.fi\\\/#\\\/schema\\\/logo\\\/image\\\/\"}}]}<\/script>\n<!-- \/ Yoast SEO plugin. -->","yoast_head_json":{"title":"2018 - ILCA Finland","robots":{"index":"index","follow":"follow","max-snippet":"max-snippet:-1","max-image-preview":"max-image-preview:large","max-video-preview":"max-video-preview:-1"},"canonical":"https:\/\/www.ilca.fi\/sv\/tulokset-ja-tunnustukset\/2017-2\/","og_locale":"sv_SE","og_type":"article","og_title":"2018 - ILCA Finland","og_description":"Ranking Tulokset 2018 R1 &#8211; NJK kev\u00e4tregatta 12-13.5 R2 &#8211; HSS DTSW 8-10.6 R3 &#8211; HSF l\u00e4ttb\u00e5tsregatta 16-17.6 R4 &#8211; Taps Std &amp; 4.7 SM 18.-19.8 R5 &#8211; EMK Radial SM &amp; Std Ranking R6 &#8211; MP 15-16.9 Laser Masters &#8211; Nagu 28.-29.7","og_url":"https:\/\/www.ilca.fi\/sv\/tulokset-ja-tunnustukset\/2017-2\/","og_site_name":"ILCA Finland","article_modified_time":"2019-05-13T07:07:13+00:00","twitter_card":"summary_large_image","schema":{"@context":"https:\/\/schema.org","@graph":[{"@type":"WebPage","@id":"https:\/\/www.ilca.fi\/tulokset-ja-tunnustukset\/2017-2\/","url":"https:\/\/www.ilca.fi\/tulokset-ja-tunnustukset\/2017-2\/","name":"2018 - ILCA Finland","isPartOf":{"@id":"https:\/\/www.ilca.fi\/#website"},"datePublished":"2019-05-13T07:06:07+00:00","dateModified":"2019-05-13T07:07:13+00:00","breadcrumb":{"@id":"https:\/\/www.ilca.fi\/tulokset-ja-tunnustukset\/2017-2\/#breadcrumb"},"inLanguage":"sv-SE","potentialAction":[{"@type":"ReadAction","target":["https:\/\/www.ilca.fi\/tulokset-ja-tunnustukset\/2017-2\/"]}]},{"@type":"BreadcrumbList","@id":"https:\/\/www.ilca.fi\/tulokset-ja-tunnustukset\/2017-2\/#breadcrumb","itemListElement":[{"@type":"ListItem","position":1,"name":"Tulokset ja tunnustukset","item":"https:\/\/www.ilca.fi\/tulokset-ja-tunnustukset\/"},{"@type":"ListItem","position":2,"name":"2018"}]},{"@type":"WebSite","@id":"https:\/\/www.ilca.fi\/#website","url":"https:\/\/www.ilca.fi\/","name":"ILCA Finland","description":"Finska ILCA klassf\u00f6rbundet","publisher":{"@id":"https:\/\/www.ilca.fi\/#organization"},"potentialAction":[{"@type":"SearchAction","target":{"@type":"EntryPoint","urlTemplate":"https:\/\/www.ilca.fi\/?s={search_term_string}"},"query-input":{"@type":"PropertyValueSpecification","valueRequired":true,"valueName":"search_term_string"}}],"inLanguage":"sv-SE"},{"@type":"Organization","@id":"https:\/\/www.ilca.fi\/#organization","name":"ILCA Finland","url":"https:\/\/www.ilca.fi\/","logo":{"@type":"ImageObject","inLanguage":"sv-SE","@id":"https:\/\/www.ilca.fi\/#\/schema\/logo\/image\/","url":"https:\/\/www.ilca.fi\/wp-content\/uploads\/2020\/09\/ILCA-350x100-1.png","contentUrl":"https:\/\/www.ilca.fi\/wp-content\/uploads\/2020\/09\/ILCA-350x100-1.png","width":350,"height":100,"caption":"ILCA Finland"},"image":{"@id":"https:\/\/www.ilca.fi\/#\/schema\/logo\/image\/"}}]}},"_links":{"self":[{"href":"https:\/\/www.ilca.fi\/sv\/wp-json\/wp\/v2\/pages\/4135","targetHints":{"allow":["GET"]}}],"collection":[{"href":"https:\/\/www.ilca.fi\/sv\/wp-json\/wp\/v2\/pages"}],"about":[{"href":"https:\/\/www.ilca.fi\/sv\/wp-json\/wp\/v2\/types\/page"}],"author":[{"embeddable":true,"href":"https:\/\/www.ilca.fi\/sv\/wp-json\/wp\/v2\/users\/1"}],"replies":[{"embeddable":true,"href":"https:\/\/www.ilca.fi\/sv\/wp-json\/wp\/v2\/comments?post=4135"}],"version-history":[{"count":0,"href":"https:\/\/www.ilca.fi\/sv\/wp-json\/wp\/v2\/pages\/4135\/revisions"}],"up":[{"embeddable":true,"href":"https:\/\/www.ilca.fi\/sv\/wp-json\/wp\/v2\/pages\/36"}],"wp:attachment":[{"href":"https:\/\/www.ilca.fi\/sv\/wp-json\/wp\/v2\/media?parent=4135"}],"curies":[{"name":"wp","href":"https:\/\/api.w.org\/{rel}","templated":true}]}}