{"id":4029,"date":"2019-03-15T13:53:21","date_gmt":"2019-03-15T11:53:21","guid":{"rendered":"https:\/\/ilca1.wpenginepowered.com\/?page_id=4029"},"modified":"2026-03-30T22:18:44","modified_gmt":"2026-03-30T19:18:44","slug":"julkaisut","status":"publish","type":"page","link":"https:\/\/www.ilca.fi\/sv\/julkaisut\/","title":{"rendered":"Julkaisut"},"content":{"rendered":"<div data-elementor-type=\"wp-post\" data-elementor-id=\"4029\" class=\"elementor elementor-4029\">\n\t\t\t\t\t\t<section class=\"elementor-section elementor-top-section elementor-element elementor-element-ffcef80 elementor-section-boxed elementor-section-height-default elementor-section-height-default\" data-id=\"ffcef80\" data-element_type=\"section\" data-e-type=\"section\">\n\t\t\t\t\t\t<div class=\"elementor-container elementor-column-gap-default\">\n\t\t\t\t\t<div class=\"elementor-column elementor-col-100 elementor-top-column elementor-element elementor-element-9a67613\" data-id=\"9a67613\" data-element_type=\"column\" data-e-type=\"column\">\n\t\t\t<div class=\"elementor-widget-wrap elementor-element-populated\">\n\t\t\t\t\t\t<div class=\"elementor-element elementor-element-84a5ea1 elementor-widget elementor-widget-heading\" data-id=\"84a5ea1\" data-element_type=\"widget\" data-e-type=\"widget\" data-widget_type=\"heading.default\">\n\t\t\t\t<div class=\"elementor-widget-container\">\n\t\t\t\t\t<h2 class=\"elementor-heading-title elementor-size-default\">Julkaisut<\/h2>\t\t\t\t<\/div>\n\t\t\t\t<\/div>\n\t\t\t\t<div class=\"elementor-element elementor-element-18c44fd elementor-grid-eael-col-2 julkaisulistaus elementor-grid-tablet-eael-col-2 elementor-grid-mobile-eael-col-1 elementor-widget elementor-widget-eael-post-grid\" data-id=\"18c44fd\" data-element_type=\"widget\" data-e-type=\"widget\" data-settings=\"{&quot;eael_post_grid_columns&quot;:&quot;eael-col-2&quot;,&quot;eael_post_grid_columns_tablet&quot;:&quot;eael-col-2&quot;,&quot;eael_post_grid_columns_mobile&quot;:&quot;eael-col-1&quot;}\" data-widget_type=\"eael-post-grid.default\">\n\t\t\t\t<div class=\"elementor-widget-container\">\n\t\t\t\t\t<div id=\"eael-post-grid-18c44fd\" class=\"eael-post-grid-container\">\n            <div class=\"eael-post-grid eael-post-appender eael-post-appender-18c44fd eael-post-grid-style-two\" data-layout-mode=\"grid\"><article class=\"eael-grid-post  eael-post-grid-column eael-pg-post-8264 category-uncategorized-fi\" data-id=\"8264\">\n    <div class=\"eael-grid-post-holder\">\n        <div class=\"eael-grid-post-holder-inner\"><div class=\"eael-entry-wrapper\"><header class=\"eael-entry-header\"><div class=\"eael-entry-title\"><a class=\"eael-grid-post-link\" href=\"https:\/\/www.ilca.fi\/sv\/tule-kevatleirille-2-5-kuulemaan-ja-keskustelemaan-arvokilpailuista-ilcassa\/\" title=\"Tule kev\u00e4tleirille 2.5. kuulemaan ja keskustelemaan arvokilpailuista ILCA:ssa!\">Tule kev\u00e4tleirille 2.5. kuulemaan ja keskustelemaan arvokilpailuista ILCA:ssa!<\/a><\/div><\/header><div class=\"eael-entry-content\">\n                                <div class=\"eael-grid-post-excerpt\"><p>Arvokilpailuihin liittyv\u00e4t ilmoittautumiset, maapaikkojen jakaminen, kilpailumatkat ja muut k\u00e4yt\u00e4nteet voivat...<\/p><a href=\"https:\/\/www.ilca.fi\/sv\/tule-kevatleirille-2-5-kuulemaan-ja-keskustelemaan-arvokilpailuista-ilcassa\/\" class=\"eael-post-elements-readmore-btn\">L\u00e4s mer<\/a><\/div>\n                            <\/div><div class=\"eael-entry-header-after style-two\"><div class=\"eael-entry-meta\"><span class=\"eael-meta-posted-on\"><i class=\"far fa-clock\"><\/i><time datetime=\"24.4.2026\">24.4.2026<\/time><\/span><\/div><\/div><\/div><\/div>\n    <\/div>\n<\/article><article class=\"eael-grid-post  eael-post-grid-column eael-pg-post-8220 category-uncategorized-fi\" data-id=\"8220\">\n    <div class=\"eael-grid-post-holder\">\n        <div class=\"eael-grid-post-holder-inner\"><div class=\"eael-entry-wrapper\"><header class=\"eael-entry-header\"><div class=\"eael-entry-title\"><a class=\"eael-grid-post-link\" href=\"https:\/\/www.ilca.fi\/sv\/ilca-4-team-race-em-kilpailut-10-13-12-2026\/\" title=\"ILCA 4 Team Race -EM-kilpailut 10.\u201313.12.2026\">ILCA 4 Team Race -EM-kilpailut 10.\u201313.12.2026<\/a><\/div><\/header><div class=\"eael-entry-content\">\n                                <div class=\"eael-grid-post-excerpt\"><p>Viime vuoden menestyksekk\u00e4\u00e4n lanseerauksen j\u00e4lkeen EurILCA j\u00e4rjest\u00e4\u00e4 j\u00e4lleen ILCA 4...<\/p><a href=\"https:\/\/www.ilca.fi\/sv\/ilca-4-team-race-em-kilpailut-10-13-12-2026\/\" class=\"eael-post-elements-readmore-btn\">L\u00e4s mer<\/a><\/div>\n                            <\/div><div class=\"eael-entry-header-after style-two\"><div class=\"eael-entry-meta\"><span class=\"eael-meta-posted-on\"><i class=\"far fa-clock\"><\/i><time datetime=\"30.3.2026\">30.3.2026<\/time><\/span><\/div><\/div><\/div><\/div>\n    <\/div>\n<\/article><article class=\"eael-grid-post  eael-post-grid-column eael-pg-post-8219 category-uncategorized-fi\" data-id=\"8219\">\n    <div class=\"eael-grid-post-holder\">\n        <div class=\"eael-grid-post-holder-inner\"><div class=\"eael-entry-wrapper\"><header class=\"eael-entry-header\"><div class=\"eael-entry-title\"><a class=\"eael-grid-post-link\" href=\"https:\/\/www.ilca.fi\/sv\/tervetuloa-ilca-finlandin-kevatleirille-2026\/\" title=\"Tervetuloa ILCA Finlandin kev\u00e4tleirille 2026!\">Tervetuloa ILCA Finlandin kev\u00e4tleirille 2026!<\/a><\/div><\/header><div class=\"eael-entry-content\">\n                                <div class=\"eael-grid-post-excerpt\"><p>Leiri j\u00e4rjestet\u00e4\u00e4n seuraavasti:HSK 2.-3.5.2026Aika: La ja Su: 10.00-16:00 (10.00 veneet...<\/p><a href=\"https:\/\/www.ilca.fi\/sv\/tervetuloa-ilca-finlandin-kevatleirille-2026\/\" class=\"eael-post-elements-readmore-btn\">L\u00e4s mer<\/a><\/div>\n                            <\/div><div class=\"eael-entry-header-after style-two\"><div class=\"eael-entry-meta\"><span class=\"eael-meta-posted-on\"><i class=\"far fa-clock\"><\/i><time datetime=\"26.3.2026\">26.3.2026<\/time><\/span><\/div><\/div><\/div><\/div>\n    <\/div>\n<\/article><article class=\"eael-grid-post  eael-post-grid-column eael-pg-post-8205 category-uncategorized-fi\" data-id=\"8205\">\n    <div class=\"eael-grid-post-holder\">\n        <div class=\"eael-grid-post-holder-inner\"><div class=\"eael-entry-wrapper\"><header class=\"eael-entry-header\"><div class=\"eael-entry-title\"><a class=\"eael-grid-post-link\" href=\"https:\/\/www.ilca.fi\/sv\/uusi-ilca-4-mkii-purje-on-julkaistu\/\" title=\"Uusi ILCA 4 MkII -purje on julkaistu\">Uusi ILCA 4 MkII -purje on julkaistu<\/a><\/div><\/header><div class=\"eael-entry-content\">\n                                <div class=\"eael-grid-post-excerpt\"><p>Kansainv\u00e4linen ILCA-luokkaliitto on tiedottanut uuden ILCA 4 MkII -purjeen julkaisusta....<\/p><a href=\"https:\/\/www.ilca.fi\/sv\/uusi-ilca-4-mkii-purje-on-julkaistu\/\" class=\"eael-post-elements-readmore-btn\">L\u00e4s mer<\/a><\/div>\n                            <\/div><div class=\"eael-entry-header-after style-two\"><div class=\"eael-entry-meta\"><span class=\"eael-meta-posted-on\"><i class=\"far fa-clock\"><\/i><time datetime=\"18.2.2026\">18.2.2026<\/time><\/span><\/div><\/div><\/div><\/div>\n    <\/div>\n<\/article><article class=\"eael-grid-post  eael-post-grid-column eael-pg-post-8204 category-uncategorized-fi\" data-id=\"8204\">\n    <div class=\"eael-grid-post-holder\">\n        <div class=\"eael-grid-post-holder-inner\"><div class=\"eael-entry-wrapper\"><header class=\"eael-entry-header\"><div class=\"eael-entry-title\"><a class=\"eael-grid-post-link\" href=\"https:\/\/www.ilca.fi\/sv\/ilca-vaatteita-tilattavissa\/\" title=\"ILCA-vaatteita tilattavissa\">ILCA-vaatteita tilattavissa<\/a><\/div><\/header><div class=\"eael-entry-content\">\n                                <div class=\"eael-grid-post-excerpt\"><p>ILCA Team Finland -br\u00e4nd\u00e4ttyj\u00e4 erilaisia tiimivaatteita on saatavilla Optimistijollaliiton hallinnoimasta...<\/p><a href=\"https:\/\/www.ilca.fi\/sv\/ilca-vaatteita-tilattavissa\/\" class=\"eael-post-elements-readmore-btn\">L\u00e4s mer<\/a><\/div>\n                            <\/div><div class=\"eael-entry-header-after style-two\"><div class=\"eael-entry-meta\"><span class=\"eael-meta-posted-on\"><i class=\"far fa-clock\"><\/i><time datetime=\"14.2.2026\">14.2.2026<\/time><\/span><\/div><\/div><\/div><\/div>\n    <\/div>\n<\/article><article class=\"eael-grid-post  eael-post-grid-column eael-pg-post-8185 category-uncategorized-fi\" data-id=\"8185\">\n    <div class=\"eael-grid-post-holder\">\n        <div class=\"eael-grid-post-holder-inner\"><div class=\"eael-entry-wrapper\"><header class=\"eael-entry-header\"><div class=\"eael-entry-title\"><a class=\"eael-grid-post-link\" href=\"https:\/\/www.ilca.fi\/sv\/ilca-finland-tiedote-1-2026-uuden-puheenjohtajan-tervehdys\/\" title=\"ILCA FINLAND TIEDOTE 1\/2026 \u2014 Uuden puheenjohtajan tervehdys\">ILCA FINLAND TIEDOTE 1\/2026 \u2014 Uuden puheenjohtajan tervehdys<\/a><\/div><\/header><div class=\"eael-entry-content\">\n                                <div class=\"eael-grid-post-excerpt\"><p>ILCA Finland tiedote 1\/2026 Uuden puheenjohtajan tervehdys Hyv\u00e4\u00e4 alkanutta vuotta...<\/p><a href=\"https:\/\/www.ilca.fi\/sv\/ilca-finland-tiedote-1-2026-uuden-puheenjohtajan-tervehdys\/\" class=\"eael-post-elements-readmore-btn\">L\u00e4s mer<\/a><\/div>\n                            <\/div><div class=\"eael-entry-header-after style-two\"><div class=\"eael-entry-meta\"><span class=\"eael-meta-posted-on\"><i class=\"far fa-clock\"><\/i><time datetime=\"11.1.2026\">11.1.2026<\/time><\/span><\/div><\/div><\/div><\/div>\n    <\/div>\n<\/article><article class=\"eael-grid-post  eael-post-grid-column eael-pg-post-8182 category-yleinen\" data-id=\"8182\">\n    <div class=\"eael-grid-post-holder\">\n        <div class=\"eael-grid-post-holder-inner\"><div class=\"eael-entry-wrapper\"><header class=\"eael-entry-header\"><div class=\"eael-entry-title\"><a class=\"eael-grid-post-link\" href=\"https:\/\/www.ilca.fi\/sv\/muistutus-tervetuloa-ilca-finlandin-syyskokoukseen-ja-palkintojenjakoon\/\" title=\"Muistutus: Tervetuloa ILCA Finlandin syyskokoukseen ja palkintojenjakoon\">Muistutus: Tervetuloa ILCA Finlandin syyskokoukseen ja palkintojenjakoon<\/a><\/div><\/header><div class=\"eael-entry-content\">\n                                <div class=\"eael-grid-post-excerpt\"><p>Tervetuloa ILCA Finland ry:n vuosikokoukseen sek\u00e4 palkintojenjakotilaisuuteen 4.12.2025 klo 18...<\/p><a href=\"https:\/\/www.ilca.fi\/sv\/muistutus-tervetuloa-ilca-finlandin-syyskokoukseen-ja-palkintojenjakoon\/\" class=\"eael-post-elements-readmore-btn\">L\u00e4s mer<\/a><\/div>\n                            <\/div><div class=\"eael-entry-header-after style-two\"><div class=\"eael-entry-meta\"><span class=\"eael-meta-posted-on\"><i class=\"far fa-clock\"><\/i><time datetime=\"2.12.2025\">2.12.2025<\/time><\/span><\/div><\/div><\/div><\/div>\n    <\/div>\n<\/article><article class=\"eael-grid-post  eael-post-grid-column eael-pg-post-8177 category-yleinen\" data-id=\"8177\">\n    <div class=\"eael-grid-post-holder\">\n        <div class=\"eael-grid-post-holder-inner\"><div class=\"eael-entry-wrapper\"><header class=\"eael-entry-header\"><div class=\"eael-entry-title\"><a class=\"eael-grid-post-link\" href=\"https:\/\/www.ilca.fi\/sv\/vuosikokous-2025-ja-palkintojenjako\/\" title=\"Vuosikokous 2025 ja palkintojenjako\">Vuosikokous 2025 ja palkintojenjako<\/a><\/div><\/header><div class=\"eael-entry-content\">\n                                <div class=\"eael-grid-post-excerpt\"><p>Tervetuloa ILCA Finland ry:n vuosikokoukseen sek\u00e4 palkintojenjakotilaisuuteen 4.12.2025 klo 18...<\/p><a href=\"https:\/\/www.ilca.fi\/sv\/vuosikokous-2025-ja-palkintojenjako\/\" class=\"eael-post-elements-readmore-btn\">L\u00e4s mer<\/a><\/div>\n                            <\/div><div class=\"eael-entry-header-after style-two\"><div class=\"eael-entry-meta\"><span class=\"eael-meta-posted-on\"><i class=\"far fa-clock\"><\/i><time datetime=\"20.11.2025\">20.11.2025<\/time><\/span><\/div><\/div><\/div><\/div>\n    <\/div>\n<\/article><article class=\"eael-grid-post  eael-post-grid-column eael-pg-post-8164 category-uncategorized-fi\" data-id=\"8164\">\n    <div class=\"eael-grid-post-holder\">\n        <div class=\"eael-grid-post-holder-inner\"><div class=\"eael-entry-wrapper\"><header class=\"eael-entry-header\"><div class=\"eael-entry-title\"><a class=\"eael-grid-post-link\" href=\"https:\/\/www.ilca.fi\/sv\/ilca-ranking-sarjojen-2025-alustavat-kokonaistulokset-on-julkaistu\/\" title=\"ILCA ranking -sarjojen 2025 alustavat kokonaistulokset on julkaistu\">ILCA ranking -sarjojen 2025 alustavat kokonaistulokset on julkaistu<\/a><\/div><\/header><div class=\"eael-entry-content\">\n                                <div class=\"eael-grid-post-excerpt\"><p>ILCA-luokkien ranking-sarjojen kauden 2025 alustavat kokonaistulokset on nyt laskettu ja...<\/p><a href=\"https:\/\/www.ilca.fi\/sv\/ilca-ranking-sarjojen-2025-alustavat-kokonaistulokset-on-julkaistu\/\" class=\"eael-post-elements-readmore-btn\">L\u00e4s mer<\/a><\/div>\n                            <\/div><div class=\"eael-entry-header-after style-two\"><div class=\"eael-entry-meta\"><span class=\"eael-meta-posted-on\"><i class=\"far fa-clock\"><\/i><time datetime=\"16.10.2025\">16.10.2025<\/time><\/span><\/div><\/div><\/div><\/div>\n    <\/div>\n<\/article><article class=\"eael-grid-post  eael-post-grid-column eael-pg-post-8112 category-uncategorized-fi\" data-id=\"8112\">\n    <div class=\"eael-grid-post-holder\">\n        <div class=\"eael-grid-post-holder-inner\"><div class=\"eael-entry-wrapper\"><header class=\"eael-entry-header\"><div class=\"eael-entry-title\"><a class=\"eael-grid-post-link\" href=\"https:\/\/www.ilca.fi\/sv\/tiedote-sm-kilpailuista-ja-ranking-7\/\" title=\"Tiedote SM-kilpailuista ja ranking 7\">Tiedote SM-kilpailuista ja ranking 7<\/a><\/div><\/header><div class=\"eael-entry-content\">\n                                <div class=\"eael-grid-post-excerpt\"><p>ILCA-luokkien Suomen mestaruuskilpailuissa 6.\u20137.9.2025 purjehdittiin haastavien s\u00e4\u00e4olosuhteiden vuoksi vain kolme...<\/p><a href=\"https:\/\/www.ilca.fi\/sv\/tiedote-sm-kilpailuista-ja-ranking-7\/\" class=\"eael-post-elements-readmore-btn\">L\u00e4s mer<\/a><\/div>\n                            <\/div><div class=\"eael-entry-header-after style-two\"><div class=\"eael-entry-meta\"><span class=\"eael-meta-posted-on\"><i class=\"far fa-clock\"><\/i><time datetime=\"12.9.2025\">12.9.2025<\/time><\/span><\/div><\/div><\/div><\/div>\n    <\/div>\n<\/article><\/div>\n            <div class=\"clearfix\"><\/div>\n        <\/div>            <div class=\"eael-load-more-button-wrap\">\n                <button class=\"eael-load-more-button\" id=\"eael-load-more-btn-18c44fd\" data-widget-id=\"18c44fd\" data-widget=\"18c44fd\" data-page-id=\"4029\" data-template=\"{&quot;dir&quot;:&quot;lite&quot;,&quot;file_name&quot;:&quot;two.php&quot;,&quot;name&quot;:&quot;Post-Grid&quot;}\" data-class=\"Essential_Addons_Elementor\\Elements\\Post_Grid\" data-layout=\"grid\" data-page=\"1\" data-args=\"orderby=date&amp;order=desc&amp;ignore_sticky_posts=1&amp;post_status=publish&amp;posts_per_page=10&amp;offset=0&amp;post_type=post\" data-max-page=\"11\">\n                    <span class=\"eael-btn-loader button__loader\"><\/span>\n                    <span class=\"eael_load_more_text\">Lataa lis\u00e4\u00e4 julkaisuja<\/span>\n                <\/button>\n            <\/div>\n            \t\t\t\t<\/div>\n\t\t\t\t<\/div>\n\t\t\t\t\t<\/div>\n\t\t<\/div>\n\t\t\t\t\t<\/div>\n\t\t<\/section>\n\t\t\t\t<\/div>","protected":false},"excerpt":{"rendered":"<p>Julkaisut ILCA 4 Team Race -EM-kilpailut 10.\u201313.12.2026 Viime vuoden menestyksekk\u00e4\u00e4n lanseerauksen j\u00e4lkeen EurILCA j\u00e4rjest\u00e4\u00e4 j\u00e4lleen ILCA 4&#8230; Lue lis\u00e4\u00e4 30.3.2026 Tervetuloa ILCA Finlandin kev\u00e4tleirille 2026! Leiri j\u00e4rjestet\u00e4\u00e4n seuraavasti:HSK 2.-3.5.2026Aika: La ja Su: 10.00-16:00 (10.00 veneet&#8230; Lue lis\u00e4\u00e4 26.3.2026 Uusi ILCA 4 MkII -purje on julkaistu Kansainv\u00e4linen ILCA-luokkaliitto on tiedottanut uuden ILCA 4 MkII -purjeen julkaisusta&#8230;.&hellip;&nbsp;<a href=\"https:\/\/www.ilca.fi\/sv\/tiedote-sm-kilpailuista-ja-ranking-7\/\" rel=\"bookmark\">L\u00e4s mer &raquo;<span class=\"screen-reader-text\">Tiedote SM-kilpailuista ja ranking 7<\/span><\/a><\/p>","protected":false},"author":1,"featured_media":0,"parent":0,"menu_order":0,"comment_status":"closed","ping_status":"closed","template":"page-templates\/template-pagebuilder-full-width.php","meta":{"neve_meta_sidebar":"","neve_meta_container":"","neve_meta_enable_content_width":"","neve_meta_content_width":70,"neve_meta_title_alignment":"","neve_meta_author_avatar":"","neve_post_elements_order":"","neve_meta_disable_header":"","neve_meta_disable_footer":"","neve_meta_disable_title":"","footnotes":""},"class_list":["post-4029","page","type-page","status-publish","hentry"],"yoast_head":"<!-- This site is optimized with the Yoast SEO plugin v27.3 - https:\/\/yoast.com\/product\/yoast-seo-wordpress\/ -->\n<title>Julkaisut - ILCA Finland<\/title>\n<meta name=\"robots\" content=\"index, follow, max-snippet:-1, max-image-preview:large, max-video-preview:-1\" \/>\n<link rel=\"canonical\" href=\"https:\/\/www.ilca.fi\/sv\/julkaisut\/\" \/>\n<meta property=\"og:locale\" content=\"sv_SE\" \/>\n<meta property=\"og:type\" content=\"article\" \/>\n<meta property=\"og:title\" content=\"Julkaisut - ILCA Finland\" \/>\n<meta property=\"og:description\" content=\"Julkaisut ILCA 4 Team Race -EM-kilpailut 10.\u201313.12.2026 Viime vuoden menestyksekk\u00e4\u00e4n lanseerauksen j\u00e4lkeen EurILCA j\u00e4rjest\u00e4\u00e4 j\u00e4lleen ILCA 4&#8230; Lue lis\u00e4\u00e4 30.3.2026 Tervetuloa ILCA Finlandin kev\u00e4tleirille 2026! Leiri j\u00e4rjestet\u00e4\u00e4n seuraavasti:HSK 2.-3.5.2026Aika: La ja Su: 10.00-16:00 (10.00 veneet&#8230; Lue lis\u00e4\u00e4 26.3.2026 Uusi ILCA 4 MkII -purje on julkaistu Kansainv\u00e4linen ILCA-luokkaliitto on tiedottanut uuden ILCA 4 MkII -purjeen julkaisusta&#8230;.&hellip;&nbsp;L\u00e4s mer &raquo;Tiedote SM-kilpailuista ja ranking 7\" \/>\n<meta property=\"og:url\" content=\"https:\/\/www.ilca.fi\/sv\/julkaisut\/\" \/>\n<meta property=\"og:site_name\" content=\"ILCA Finland\" \/>\n<meta property=\"article:modified_time\" content=\"2026-03-30T19:18:44+00:00\" \/>\n<meta name=\"twitter:card\" content=\"summary_large_image\" \/>\n<meta name=\"twitter:label1\" content=\"Ber\u00e4knad l\u00e4stid\" \/>\n\t<meta name=\"twitter:data1\" content=\"2 minuter\" \/>\n<script type=\"application\/ld+json\" class=\"yoast-schema-graph\">{\"@context\":\"https:\\\/\\\/schema.org\",\"@graph\":[{\"@type\":\"WebPage\",\"@id\":\"https:\\\/\\\/www.ilca.fi\\\/julkaisut\\\/\",\"url\":\"https:\\\/\\\/www.ilca.fi\\\/julkaisut\\\/\",\"name\":\"Julkaisut - ILCA Finland\",\"isPartOf\":{\"@id\":\"https:\\\/\\\/www.ilca.fi\\\/#website\"},\"datePublished\":\"2019-03-15T11:53:21+00:00\",\"dateModified\":\"2026-03-30T19:18:44+00:00\",\"inLanguage\":\"sv-SE\",\"potentialAction\":[{\"@type\":\"ReadAction\",\"target\":[\"https:\\\/\\\/www.ilca.fi\\\/julkaisut\\\/\"]}]},{\"@type\":\"WebSite\",\"@id\":\"https:\\\/\\\/www.ilca.fi\\\/#website\",\"url\":\"https:\\\/\\\/www.ilca.fi\\\/\",\"name\":\"ILCA Finland\",\"description\":\"Suomen ILCA-luokkaliitto\",\"publisher\":{\"@id\":\"https:\\\/\\\/www.ilca.fi\\\/#organization\"},\"potentialAction\":[{\"@type\":\"SearchAction\",\"target\":{\"@type\":\"EntryPoint\",\"urlTemplate\":\"https:\\\/\\\/www.ilca.fi\\\/?s={search_term_string}\"},\"query-input\":{\"@type\":\"PropertyValueSpecification\",\"valueRequired\":true,\"valueName\":\"search_term_string\"}}],\"inLanguage\":\"sv-SE\"},{\"@type\":\"Organization\",\"@id\":\"https:\\\/\\\/www.ilca.fi\\\/#organization\",\"name\":\"ILCA Finland\",\"url\":\"https:\\\/\\\/www.ilca.fi\\\/\",\"logo\":{\"@type\":\"ImageObject\",\"inLanguage\":\"sv-SE\",\"@id\":\"https:\\\/\\\/www.ilca.fi\\\/#\\\/schema\\\/logo\\\/image\\\/\",\"url\":\"https:\\\/\\\/www.ilca.fi\\\/wp-content\\\/uploads\\\/2020\\\/09\\\/ILCA-350x100-1.png\",\"contentUrl\":\"https:\\\/\\\/www.ilca.fi\\\/wp-content\\\/uploads\\\/2020\\\/09\\\/ILCA-350x100-1.png\",\"width\":350,\"height\":100,\"caption\":\"ILCA Finland\"},\"image\":{\"@id\":\"https:\\\/\\\/www.ilca.fi\\\/#\\\/schema\\\/logo\\\/image\\\/\"}}]}<\/script>\n<!-- \/ Yoast SEO plugin. -->","yoast_head_json":{"title":"Julkaisut - ILCA Finland","robots":{"index":"index","follow":"follow","max-snippet":"max-snippet:-1","max-image-preview":"max-image-preview:large","max-video-preview":"max-video-preview:-1"},"canonical":"https:\/\/www.ilca.fi\/sv\/julkaisut\/","og_locale":"sv_SE","og_type":"article","og_title":"Julkaisut - ILCA Finland","og_description":"Julkaisut ILCA 4 Team Race -EM-kilpailut 10.\u201313.12.2026 Viime vuoden menestyksekk\u00e4\u00e4n lanseerauksen j\u00e4lkeen EurILCA j\u00e4rjest\u00e4\u00e4 j\u00e4lleen ILCA 4&#8230; Lue lis\u00e4\u00e4 30.3.2026 Tervetuloa ILCA Finlandin kev\u00e4tleirille 2026! Leiri j\u00e4rjestet\u00e4\u00e4n seuraavasti:HSK 2.-3.5.2026Aika: La ja Su: 10.00-16:00 (10.00 veneet&#8230; Lue lis\u00e4\u00e4 26.3.2026 Uusi ILCA 4 MkII -purje on julkaistu Kansainv\u00e4linen ILCA-luokkaliitto on tiedottanut uuden ILCA 4 MkII -purjeen julkaisusta&#8230;.&hellip;&nbsp;L\u00e4s mer &raquo;Tiedote SM-kilpailuista ja ranking 7","og_url":"https:\/\/www.ilca.fi\/sv\/julkaisut\/","og_site_name":"ILCA Finland","article_modified_time":"2026-03-30T19:18:44+00:00","twitter_card":"summary_large_image","twitter_misc":{"Ber\u00e4knad l\u00e4stid":"2 minuter"},"schema":{"@context":"https:\/\/schema.org","@graph":[{"@type":"WebPage","@id":"https:\/\/www.ilca.fi\/julkaisut\/","url":"https:\/\/www.ilca.fi\/julkaisut\/","name":"Julkaisut - ILCA Finland","isPartOf":{"@id":"https:\/\/www.ilca.fi\/#website"},"datePublished":"2019-03-15T11:53:21+00:00","dateModified":"2026-03-30T19:18:44+00:00","inLanguage":"sv-SE","potentialAction":[{"@type":"ReadAction","target":["https:\/\/www.ilca.fi\/julkaisut\/"]}]},{"@type":"WebSite","@id":"https:\/\/www.ilca.fi\/#website","url":"https:\/\/www.ilca.fi\/","name":"ILCA Finland","description":"Finska ILCA klassf\u00f6rbundet","publisher":{"@id":"https:\/\/www.ilca.fi\/#organization"},"potentialAction":[{"@type":"SearchAction","target":{"@type":"EntryPoint","urlTemplate":"https:\/\/www.ilca.fi\/?s={search_term_string}"},"query-input":{"@type":"PropertyValueSpecification","valueRequired":true,"valueName":"search_term_string"}}],"inLanguage":"sv-SE"},{"@type":"Organization","@id":"https:\/\/www.ilca.fi\/#organization","name":"ILCA Finland","url":"https:\/\/www.ilca.fi\/","logo":{"@type":"ImageObject","inLanguage":"sv-SE","@id":"https:\/\/www.ilca.fi\/#\/schema\/logo\/image\/","url":"https:\/\/www.ilca.fi\/wp-content\/uploads\/2020\/09\/ILCA-350x100-1.png","contentUrl":"https:\/\/www.ilca.fi\/wp-content\/uploads\/2020\/09\/ILCA-350x100-1.png","width":350,"height":100,"caption":"ILCA Finland"},"image":{"@id":"https:\/\/www.ilca.fi\/#\/schema\/logo\/image\/"}}]}},"_links":{"self":[{"href":"https:\/\/www.ilca.fi\/sv\/wp-json\/wp\/v2\/pages\/4029","targetHints":{"allow":["GET"]}}],"collection":[{"href":"https:\/\/www.ilca.fi\/sv\/wp-json\/wp\/v2\/pages"}],"about":[{"href":"https:\/\/www.ilca.fi\/sv\/wp-json\/wp\/v2\/types\/page"}],"author":[{"embeddable":true,"href":"https:\/\/www.ilca.fi\/sv\/wp-json\/wp\/v2\/users\/1"}],"replies":[{"embeddable":true,"href":"https:\/\/www.ilca.fi\/sv\/wp-json\/wp\/v2\/comments?post=4029"}],"version-history":[{"count":0,"href":"https:\/\/www.ilca.fi\/sv\/wp-json\/wp\/v2\/pages\/4029\/revisions"}],"wp:attachment":[{"href":"https:\/\/www.ilca.fi\/sv\/wp-json\/wp\/v2\/media?parent=4029"}],"curies":[{"name":"wp","href":"https:\/\/api.w.org\/{rel}","templated":true}]}}