{"id":30,"date":"2015-10-13T18:03:24","date_gmt":"2015-10-13T15:03:24","guid":{"rendered":"https:\/\/ilca1.wpenginepowered.com\/?page_id=30"},"modified":"2025-12-18T15:53:01","modified_gmt":"2025-12-18T13:53:01","slug":"yhdistys","status":"publish","type":"page","link":"https:\/\/www.ilca.fi\/sv\/yhdistys\/","title":{"rendered":"ILCA Finland \u2014 Finska ILCA klassf\u00f6rbundet"},"content":{"rendered":"<div data-elementor-type=\"wp-page\" data-elementor-id=\"30\" class=\"elementor elementor-30\">\n\t\t\t\t<div class=\"elementor-element elementor-element-6cace8d e-flex e-con-boxed e-con e-parent\" data-id=\"6cace8d\" data-element_type=\"container\" data-e-type=\"container\">\n\t\t\t\t\t<div class=\"e-con-inner\">\n\t\t<div class=\"elementor-element elementor-element-0c7b406 e-con-full e-flex e-con e-child\" data-id=\"0c7b406\" data-element_type=\"container\" data-e-type=\"container\">\n\t\t\t\t<div class=\"elementor-element elementor-element-5360ae6 elementor-widget elementor-widget-text-editor\" data-id=\"5360ae6\" data-element_type=\"widget\" data-e-type=\"widget\" data-widget_type=\"text-editor.default\">\n\t\t\t\t<div class=\"elementor-widget-container\">\n\t\t\t\t\t\t\t\t\t<p>ILCA Finland \u00e4r klassf\u00f6rbundet f\u00f6r alla Finska ILCA-seglare.<br \/>I samarbete med seglingsklubbar organiserar ILCA Finland rankingserien med 5\u201310 delt\u00e4vlingar. ILCA Finland uppr\u00e4tth\u00e5ller rankingresultatslistor f\u00f6r de tre riggarna och mastersseglare.<\/p><p>F\u00f6r att delta i rankingt\u00e4vlingar och f\u00e5 resultat i rankingserien, m\u00e5ste seglaren vara medlem i ILCA Finland.<\/p><p>ILCA Finlands huvudsakliga kommunikationskanal \u00e4r f\u00f6rbundets webbplats. ILCA Finland har ocks\u00e5 en Facebook-sida.<\/p><p class=\"translation-block\">ILCA Finland publicerar <a href=\"https:\/\/www.ilca.fi\/sv\/yhdistys\/bulletinarkisto\/\" target=\"_blank\" rel=\"noopener\">en ILCA bulletin<\/a>. P\u00e5 f\u00f6rbundets webbplats finns det <a href=\"https:\/\/www.ilca.fi\/sv\/veneporssi\/\" target=\"_self\">en ILCA-b\u00f6rs<\/a> d\u00e4r man kan s\u00e4lja och k\u00f6pa ILCA-varor.<\/p><p>Som medlem i ILCA Finland \u00e4r man ocks\u00e5 medlem i det internationella ILCA-klassf\u00f6rbundet (ILCA). Dessutom kan man f\u00e5 ILCAs \u00e5rliga Handbook som inneh\u00e5ller klassregler och annan viktig information om ILCA.<\/p><p>ILCA Finland f\u00f6rs\u00f6ker organisera tr\u00e4ning och utbildning b\u00e5de under seglings- och vinters\u00e4songen.<\/p>\t\t\t\t\t\t\t\t<\/div>\n\t\t\t\t<\/div>\n\t\t\t\t<div class=\"elementor-element elementor-element-3b1c8cc elementor-align-justify elementor-widget elementor-widget-button\" data-id=\"3b1c8cc\" data-element_type=\"widget\" data-e-type=\"widget\" data-widget_type=\"button.default\">\n\t\t\t\t<div class=\"elementor-widget-container\">\n\t\t\t\t\t\t\t\t\t<div class=\"elementor-button-wrapper\">\n\t\t\t\t\t<a class=\"elementor-button elementor-button-link elementor-size-md elementor-animation-grow\" href=\"https:\/\/www.ilca.fi\/wp-content\/uploads\/2023\/11\/Saannot-ILCA-Finland.pdf\" target=\"_blank\">\n\t\t\t\t\t\t<span class=\"elementor-button-content-wrapper\">\n\t\t\t\t\t\t\t\t\t<span class=\"elementor-button-text\">ILCA FINLANDS REGLER<\/span>\n\t\t\t\t\t<\/span>\n\t\t\t\t\t<\/a>\n\t\t\t\t<\/div>\n\t\t\t\t\t\t\t\t<\/div>\n\t\t\t\t<\/div>\n\t\t\t\t<div class=\"elementor-element elementor-element-5a70e25 elementor-widget elementor-widget-menu-anchor\" data-id=\"5a70e25\" data-element_type=\"widget\" data-e-type=\"widget\" data-widget_type=\"menu-anchor.default\">\n\t\t\t\t<div class=\"elementor-widget-container\">\n\t\t\t\t\t\t\t<div class=\"elementor-menu-anchor\" id=\"jasenyys\"><\/div>\n\t\t\t\t\t\t<\/div>\n\t\t\t\t<\/div>\n\t\t\t\t<div class=\"elementor-element elementor-element-e8a69b0 elementor-widget elementor-widget-heading\" data-id=\"e8a69b0\" data-element_type=\"widget\" data-e-type=\"widget\" data-widget_type=\"heading.default\">\n\t\t\t\t<div class=\"elementor-widget-container\">\n\t\t\t\t\t<h2 class=\"elementor-heading-title elementor-size-default\">Bli medlem<\/h2>\t\t\t\t<\/div>\n\t\t\t\t<\/div>\n\t\t\t\t<div class=\"elementor-element elementor-element-c366a62 elementor-widget elementor-widget-text-editor\" data-id=\"c366a62\" data-element_type=\"widget\" data-e-type=\"widget\" data-widget_type=\"text-editor.default\">\n\t\t\t\t<div class=\"elementor-widget-container\">\n\t\t\t\t\t\t\t\t\t<p>Jos purjehdit ILCA:a tai olet muuten vain kiinnostunut ILCA-purjehduksesta, kannattaa sinun olla ILCA Finlandin j\u00e4sen. Jos haluat j\u00e4seneksi, voit ottaa yhteytt\u00e4 varapuheenjohtajaamme (varapuheenjohtaja(\u00e4t-v\u00e4limerkki)ilca.fi, tai kehen tahansa muuhun hallituksen j\u00e4seneen. Ilmoita nimesi lis\u00e4ksi posti- ja s\u00e4hk\u00f6postiosoitteesi, jotta j\u00e4senpostitus l\u00f6yt\u00e4\u00e4 varmasti perille.<\/p>\n<p>J\u00e4senmaksu vuonna 2026 on 35,00 euroa ja sen voi suorittaa ILCA Finlandin tilille (Nordea):<br>FI82 1309 3000 0511 77.<\/p>\n<p>Medlemskortet som beh\u00f6vs i internationella v\u00e4rdet\u00e4vlingar f\u00e5r man genom att fylla i <a href=\"\/sv\/\">formul\u00e4ret p\u00e5 framsidan <\/a>.&nbsp;&nbsp;<\/p>\t\t\t\t\t\t\t\t<\/div>\n\t\t\t\t<\/div>\n\t\t\t\t<\/div>\n\t\t\t\t\t<\/div>\n\t\t\t\t<\/div>\n\t\t\t\t<section class=\"elementor-section elementor-top-section elementor-element elementor-element-956646b elementor-section-boxed elementor-section-height-default elementor-section-height-default\" data-id=\"956646b\" data-element_type=\"section\" data-e-type=\"section\">\n\t\t\t\t\t\t<div class=\"elementor-container elementor-column-gap-default\">\n\t\t\t\t\t<div class=\"elementor-column elementor-col-100 elementor-top-column elementor-element elementor-element-73a6d89\" data-id=\"73a6d89\" data-element_type=\"column\" data-e-type=\"column\">\n\t\t\t<div class=\"elementor-widget-wrap elementor-element-populated\">\n\t\t\t\t\t\t<div class=\"elementor-element elementor-element-d3a186c elementor-widget elementor-widget-menu-anchor\" data-id=\"d3a186c\" data-element_type=\"widget\" data-e-type=\"widget\" data-widget_type=\"menu-anchor.default\">\n\t\t\t\t<div class=\"elementor-widget-container\">\n\t\t\t\t\t\t\t<div class=\"elementor-menu-anchor\" id=\"hallitus\"><\/div>\n\t\t\t\t\t\t<\/div>\n\t\t\t\t<\/div>\n\t\t\t\t<div class=\"elementor-element elementor-element-4e30794 elementor-widget elementor-widget-heading\" data-id=\"4e30794\" data-element_type=\"widget\" data-e-type=\"widget\" data-widget_type=\"heading.default\">\n\t\t\t\t<div class=\"elementor-widget-container\">\n\t\t\t\t\t<h2 class=\"elementor-heading-title elementor-size-default\">Styrelse<\/h2>\t\t\t\t<\/div>\n\t\t\t\t<\/div>\n\t\t\t\t<div class=\"elementor-element elementor-element-26a8658 elementor-widget elementor-widget-text-editor\" data-id=\"26a8658\" data-element_type=\"widget\" data-e-type=\"widget\" data-widget_type=\"text-editor.default\">\n\t\t\t\t<div class=\"elementor-widget-container\">\n\t\t\t\t\t\t\t\t\t<p>Alta n\u00e4et ILCA Finlandin hallituksen j\u00e4senet vastuualueineen ja yhteystietoineen. Mahdollisesti useammalle vastaanottajalle v\u00e4litett\u00e4vien alla esitettyjen vastuualuekohtaisten s\u00e4hk\u00f6postiosoitteiden lis\u00e4ksi tavoitat yksitt\u00e4iset hallituksen j\u00e4senet my\u00f6s henkil\u00f6kohtaista s\u00e4hk\u00f6postiosoitteista, jotka ovat muotoa <span \n                data-original-string='208C+LKxuGMtj2V84jmXaw==e5cTjPtvUP\/BfCPdKVYYCoxubn85pW7Sr1KUIRMRqWmdYI='\n                class='apbct-email-encoder'\n                title='This contact has been encoded by Anti-Spam by CleanTalk. Click to decode. To finish the decoding make sure that JavaScript is enabled in your browser.'>et<span class=\"apbct-blur\">**************<\/span>@<span class=\"apbct-blur\">**<\/span>ca.fi<\/span>. Koko hallituksen tavoitat s\u00e4hk\u00f6postiosoitteesta hallitus(\u00e4t-v\u00e4limerkki)ilca.fi.<\/p>\t\t\t\t\t\t\t\t<\/div>\n\t\t\t\t<\/div>\n\t\t\t\t<div class=\"elementor-element elementor-element-da21f27 elementor-widget elementor-widget-heading\" data-id=\"da21f27\" data-element_type=\"widget\" data-e-type=\"widget\" data-widget_type=\"heading.default\">\n\t\t\t\t<div class=\"elementor-widget-container\">\n\t\t\t\t\t<h2 class=\"elementor-heading-title elementor-size-default\">Ordf\u00f6rande<\/h2>\t\t\t\t<\/div>\n\t\t\t\t<\/div>\n\t\t\t\t<div class=\"elementor-element elementor-element-9b3cbb4 elementor-widget elementor-widget-text-editor\" data-id=\"9b3cbb4\" data-element_type=\"widget\" data-e-type=\"widget\" data-widget_type=\"text-editor.default\">\n\t\t\t\t<div class=\"elementor-widget-container\">\n\t\t\t\t\t\t\t\t\t<p><b>Kv-luokkaliitto ja -kilpailuasiat<\/b><br \/>Jarno Evakoski<br \/><a href=\"tel:+358 40765 5008\">040 765 5008<\/a><br \/>puheenjohtaja(\u00e4t-skiljetecken)ilca.fi<\/p>\t\t\t\t\t\t\t\t<\/div>\n\t\t\t\t<\/div>\n\t\t\t\t<section class=\"elementor-section elementor-inner-section elementor-element elementor-element-05fedd5 elementor-section-boxed elementor-section-height-default elementor-section-height-default\" data-id=\"05fedd5\" data-element_type=\"section\" data-e-type=\"section\">\n\t\t\t\t\t\t<div class=\"elementor-container elementor-column-gap-default\">\n\t\t\t\t\t<div class=\"elementor-column elementor-col-50 elementor-inner-column elementor-element elementor-element-afe157b\" data-id=\"afe157b\" data-element_type=\"column\" data-e-type=\"column\">\n\t\t\t<div class=\"elementor-widget-wrap elementor-element-populated\">\n\t\t\t\t\t\t<div class=\"elementor-element elementor-element-dc060ce elementor-widget elementor-widget-heading\" data-id=\"dc060ce\" data-element_type=\"widget\" data-e-type=\"widget\" data-widget_type=\"heading.default\">\n\t\t\t\t<div class=\"elementor-widget-container\">\n\t\t\t\t\t<h2 class=\"elementor-heading-title elementor-size-default\">Viceordf\u00f6rande<\/h2>\t\t\t\t<\/div>\n\t\t\t\t<\/div>\n\t\t\t\t<div class=\"elementor-element elementor-element-2668b4a elementor-widget elementor-widget-text-editor\" data-id=\"2668b4a\" data-element_type=\"widget\" data-e-type=\"widget\" data-widget_type=\"text-editor.default\">\n\t\t\t\t<div class=\"elementor-widget-container\">\n\t\t\t\t\t\t\t\t\t<p><b>Ekonomi- och medlems\u00e4rende<\/b><br \/>Aleksi Tapper<br \/>varapuheenjohtaja(\u00e4t-skiljetecken)ilca.fi<\/p>\t\t\t\t\t\t\t\t<\/div>\n\t\t\t\t<\/div>\n\t\t\t\t<div class=\"elementor-element elementor-element-51c8762 elementor-widget elementor-widget-heading\" data-id=\"51c8762\" data-element_type=\"widget\" data-e-type=\"widget\" data-widget_type=\"heading.default\">\n\t\t\t\t<div class=\"elementor-widget-container\">\n\t\t\t\t\t<h2 class=\"elementor-heading-title elementor-size-default\">Tr\u00e4ningsansvarig<\/h2>\t\t\t\t<\/div>\n\t\t\t\t<\/div>\n\t\t\t\t<div class=\"elementor-element elementor-element-ddcb743 elementor-widget elementor-widget-text-editor\" data-id=\"ddcb743\" data-element_type=\"widget\" data-e-type=\"widget\" data-widget_type=\"text-editor.default\">\n\t\t\t\t<div class=\"elementor-widget-container\">\n\t\t\t\t\t\t\t\t\t<p>Tom L\u00f6nnqvist<br \/><span style=\"color: var( --e-global-color-text ); font-family: var( --e-global-typography-text-font-family ), Sans-serif; font-size: var( --e-global-typography-text-font-size ); font-weight: var( --e-global-typography-text-font-weight ); background-color: var(--nv-site-bg);\">valmennus(\u00e4t-skiljetecken)ilca.fi<\/span><\/p>\t\t\t\t\t\t\t\t<\/div>\n\t\t\t\t<\/div>\n\t\t\t\t<div class=\"elementor-element elementor-element-7ffe8d0 elementor-widget elementor-widget-heading\" data-id=\"7ffe8d0\" data-element_type=\"widget\" data-e-type=\"widget\" data-widget_type=\"heading.default\">\n\t\t\t\t<div class=\"elementor-widget-container\">\n\t\t\t\t\t<h2 class=\"elementor-heading-title elementor-size-default\">Mastersansvarig<\/h2>\t\t\t\t<\/div>\n\t\t\t\t<\/div>\n\t\t\t\t<div class=\"elementor-element elementor-element-a87949a elementor-widget elementor-widget-text-editor\" data-id=\"a87949a\" data-element_type=\"widget\" data-e-type=\"widget\" data-widget_type=\"text-editor.default\">\n\t\t\t\t<div class=\"elementor-widget-container\">\n\t\t\t\t\t\t\t\t\t<p>Asko Huumonen<br \/>masters(\u00e4t-skiljetecken)ilca.fi<\/p>\t\t\t\t\t\t\t\t<\/div>\n\t\t\t\t<\/div>\n\t\t\t\t\t<\/div>\n\t\t<\/div>\n\t\t\t\t<div class=\"elementor-column elementor-col-50 elementor-inner-column elementor-element elementor-element-c807698\" data-id=\"c807698\" data-element_type=\"column\" data-e-type=\"column\">\n\t\t\t<div class=\"elementor-widget-wrap elementor-element-populated\">\n\t\t\t\t\t\t<div class=\"elementor-element elementor-element-d66adf6 elementor-widget elementor-widget-heading\" data-id=\"d66adf6\" data-element_type=\"widget\" data-e-type=\"widget\" data-widget_type=\"heading.default\">\n\t\t\t\t<div class=\"elementor-widget-container\">\n\t\t\t\t\t<h2 class=\"elementor-heading-title elementor-size-default\">Sekreterare, komminukationsansvarig<\/h2>\t\t\t\t<\/div>\n\t\t\t\t<\/div>\n\t\t\t\t<div class=\"elementor-element elementor-element-94d3f51 elementor-widget elementor-widget-text-editor\" data-id=\"94d3f51\" data-element_type=\"widget\" data-e-type=\"widget\" data-widget_type=\"text-editor.default\">\n\t\t\t\t<div class=\"elementor-widget-container\">\n\t\t\t\t\t\t\t\t\t<p>Veikka Viitala<br><a href=\"tel:+358442175486\">044 217 5486<\/a><br>sihteeri(\u00e4t-skiljetecken)ilca.fi<\/p>\t\t\t\t\t\t\t\t<\/div>\n\t\t\t\t<\/div>\n\t\t\t\t<div class=\"elementor-element elementor-element-a251478 elementor-widget elementor-widget-heading\" data-id=\"a251478\" data-element_type=\"widget\" data-e-type=\"widget\" data-widget_type=\"heading.default\">\n\t\t\t\t<div class=\"elementor-widget-container\">\n\t\t\t\t\t<h2 class=\"elementor-heading-title elementor-size-default\">Nationell t\u00e4vlingsansvarig<\/h2>\t\t\t\t<\/div>\n\t\t\t\t<\/div>\n\t\t\t\t<div class=\"elementor-element elementor-element-f92a25d elementor-widget elementor-widget-text-editor\" data-id=\"f92a25d\" data-element_type=\"widget\" data-e-type=\"widget\" data-widget_type=\"text-editor.default\">\n\t\t\t\t<div class=\"elementor-widget-container\">\n\t\t\t\t\t\t\t\t\t<p>Jarkko Vehvil\u00e4inen<br \/>kilpailut(\u00e4t-skiljetecken)ilca.fi<\/p>\t\t\t\t\t\t\t\t<\/div>\n\t\t\t\t<\/div>\n\t\t\t\t<div class=\"elementor-element elementor-element-b36eca7 elementor-widget elementor-widget-heading\" data-id=\"b36eca7\" data-element_type=\"widget\" data-e-type=\"widget\" data-widget_type=\"heading.default\">\n\t\t\t\t<div class=\"elementor-widget-container\">\n\t\t\t\t\t<h2 class=\"elementor-heading-title elementor-size-default\">Junioransvarig<\/h2>\t\t\t\t<\/div>\n\t\t\t\t<\/div>\n\t\t\t\t<div class=\"elementor-element elementor-element-9f23c7e elementor-widget elementor-widget-text-editor\" data-id=\"9f23c7e\" data-element_type=\"widget\" data-e-type=\"widget\" data-widget_type=\"text-editor.default\">\n\t\t\t\t<div class=\"elementor-widget-container\">\n\t\t\t\t\t\t\t\t\t<p>Vera Enoksson<br \/>juniorit(\u00e4t-skiljetecken)ilca.fi<\/p>\t\t\t\t\t\t\t\t<\/div>\n\t\t\t\t<\/div>\n\t\t\t\t\t<\/div>\n\t\t<\/div>\n\t\t\t\t\t<\/div>\n\t\t<\/section>\n\t\t\t\t\t<\/div>\n\t\t<\/div>\n\t\t\t\t\t<\/div>\n\t\t<\/section>\n\t\t\t\t<\/div>","protected":false},"excerpt":{"rendered":"<p>ILCA Finland toimii Suomessa ILCA-purjehtijoiden yhteisen\u00e4 luokkaliittona.Luokkaliitto organisoi yhdess\u00e4 pursiseurojen kanssa Ranking-sarjan, johon kuuluu vuosittain kymmenkunta osakilpailua. Ranking-listoja yll\u00e4pidet\u00e4\u00e4n kaikille kolmelle ILCA-luokalle sek\u00e4 lis\u00e4ksi Masterseille on omansa. Osallistuakseen Ranking-kilpailuihin ja saadakseen lopputuloksen Ranking-sarjassa purjehtijan tulee olla ILCA Finlandin j\u00e4sen. Tiedotusta hoidetaan p\u00e4\u00e4asiassa internetsivujen kautta. Lis\u00e4ksi ILCA Finlandilla on Facebook- sivu. N\u00e4m\u00e4 kaksi tiedotuskanavaa t\u00e4ydent\u00e4v\u00e4t siis&hellip;&nbsp;<a href=\"https:\/\/www.ilca.fi\/sv\/yhdistys\/\" rel=\"bookmark\">L\u00e4s mer &raquo;<span class=\"screen-reader-text\">ILCA Finland \u2014 Finska ILCA klassf\u00f6rbundet<\/span><\/a><\/p>","protected":false},"author":1,"featured_media":0,"parent":0,"menu_order":0,"comment_status":"closed","ping_status":"closed","template":"","meta":{"neve_meta_sidebar":"","neve_meta_container":"","neve_meta_enable_content_width":"","neve_meta_content_width":0,"neve_meta_title_alignment":"","neve_meta_author_avatar":"","neve_post_elements_order":"","neve_meta_disable_header":"","neve_meta_disable_footer":"","neve_meta_disable_title":"","footnotes":""},"class_list":["post-30","page","type-page","status-publish","hentry"],"yoast_head":"<!-- This site is optimized with the Yoast SEO plugin v27.3 - https:\/\/yoast.com\/product\/yoast-seo-wordpress\/ -->\n<title>ILCA Finland \u2014 Suomen ILCA-luokkaliitto - ILCA Finland<\/title>\n<meta name=\"robots\" content=\"index, follow, max-snippet:-1, max-image-preview:large, max-video-preview:-1\" \/>\n<link rel=\"canonical\" href=\"https:\/\/www.ilca.fi\/sv\/yhdistys\/\" \/>\n<meta property=\"og:locale\" content=\"sv_SE\" \/>\n<meta property=\"og:type\" content=\"article\" \/>\n<meta property=\"og:title\" content=\"ILCA Finland \u2014 Suomen ILCA-luokkaliitto - ILCA Finland\" \/>\n<meta property=\"og:description\" content=\"ILCA Finland toimii Suomessa ILCA-purjehtijoiden yhteisen\u00e4 luokkaliittona.Luokkaliitto organisoi yhdess\u00e4 pursiseurojen kanssa Ranking-sarjan, johon kuuluu vuosittain kymmenkunta osakilpailua. Ranking-listoja yll\u00e4pidet\u00e4\u00e4n kaikille kolmelle ILCA-luokalle sek\u00e4 lis\u00e4ksi Masterseille on omansa. Osallistuakseen Ranking-kilpailuihin ja saadakseen lopputuloksen Ranking-sarjassa purjehtijan tulee olla ILCA Finlandin j\u00e4sen. Tiedotusta hoidetaan p\u00e4\u00e4asiassa internetsivujen kautta. Lis\u00e4ksi ILCA Finlandilla on Facebook- sivu. N\u00e4m\u00e4 kaksi tiedotuskanavaa t\u00e4ydent\u00e4v\u00e4t siis&hellip;&nbsp;L\u00e4s mer &raquo;ILCA Finland \u2014 Suomen ILCA-luokkaliitto\" \/>\n<meta property=\"og:url\" content=\"https:\/\/www.ilca.fi\/sv\/yhdistys\/\" \/>\n<meta property=\"og:site_name\" content=\"ILCA Finland\" \/>\n<meta property=\"article:modified_time\" content=\"2025-12-18T13:53:01+00:00\" \/>\n<meta name=\"twitter:card\" content=\"summary_large_image\" \/>\n<meta name=\"twitter:label1\" content=\"Ber\u00e4knad l\u00e4stid\" \/>\n\t<meta name=\"twitter:data1\" content=\"2 minuter\" \/>\n<script type=\"application\/ld+json\" class=\"yoast-schema-graph\">{\"@context\":\"https:\\\/\\\/schema.org\",\"@graph\":[{\"@type\":\"WebPage\",\"@id\":\"https:\\\/\\\/www.ilca.fi\\\/yhdistys\\\/\",\"url\":\"https:\\\/\\\/www.ilca.fi\\\/yhdistys\\\/\",\"name\":\"ILCA Finland \u2014 Suomen ILCA-luokkaliitto - ILCA Finland\",\"isPartOf\":{\"@id\":\"https:\\\/\\\/www.ilca.fi\\\/#website\"},\"datePublished\":\"2015-10-13T15:03:24+00:00\",\"dateModified\":\"2025-12-18T13:53:01+00:00\",\"inLanguage\":\"sv-SE\",\"potentialAction\":[{\"@type\":\"ReadAction\",\"target\":[\"https:\\\/\\\/www.ilca.fi\\\/yhdistys\\\/\"]}]},{\"@type\":\"WebSite\",\"@id\":\"https:\\\/\\\/www.ilca.fi\\\/#website\",\"url\":\"https:\\\/\\\/www.ilca.fi\\\/\",\"name\":\"ILCA Finland\",\"description\":\"Suomen ILCA-luokkaliitto\",\"publisher\":{\"@id\":\"https:\\\/\\\/www.ilca.fi\\\/#organization\"},\"potentialAction\":[{\"@type\":\"SearchAction\",\"target\":{\"@type\":\"EntryPoint\",\"urlTemplate\":\"https:\\\/\\\/www.ilca.fi\\\/?s={search_term_string}\"},\"query-input\":{\"@type\":\"PropertyValueSpecification\",\"valueRequired\":true,\"valueName\":\"search_term_string\"}}],\"inLanguage\":\"sv-SE\"},{\"@type\":\"Organization\",\"@id\":\"https:\\\/\\\/www.ilca.fi\\\/#organization\",\"name\":\"ILCA Finland\",\"url\":\"https:\\\/\\\/www.ilca.fi\\\/\",\"logo\":{\"@type\":\"ImageObject\",\"inLanguage\":\"sv-SE\",\"@id\":\"https:\\\/\\\/www.ilca.fi\\\/#\\\/schema\\\/logo\\\/image\\\/\",\"url\":\"https:\\\/\\\/www.ilca.fi\\\/wp-content\\\/uploads\\\/2020\\\/09\\\/ILCA-350x100-1.png\",\"contentUrl\":\"https:\\\/\\\/www.ilca.fi\\\/wp-content\\\/uploads\\\/2020\\\/09\\\/ILCA-350x100-1.png\",\"width\":350,\"height\":100,\"caption\":\"ILCA Finland\"},\"image\":{\"@id\":\"https:\\\/\\\/www.ilca.fi\\\/#\\\/schema\\\/logo\\\/image\\\/\"}}]}<\/script>\n<!-- \/ Yoast SEO plugin. -->","yoast_head_json":{"title":"ILCA Finland \u2014 Suomen ILCA-luokkaliitto - ILCA Finland","robots":{"index":"index","follow":"follow","max-snippet":"max-snippet:-1","max-image-preview":"max-image-preview:large","max-video-preview":"max-video-preview:-1"},"canonical":"https:\/\/www.ilca.fi\/sv\/yhdistys\/","og_locale":"sv_SE","og_type":"article","og_title":"ILCA Finland \u2014 Suomen ILCA-luokkaliitto - ILCA Finland","og_description":"ILCA Finland toimii Suomessa ILCA-purjehtijoiden yhteisen\u00e4 luokkaliittona.Luokkaliitto organisoi yhdess\u00e4 pursiseurojen kanssa Ranking-sarjan, johon kuuluu vuosittain kymmenkunta osakilpailua. Ranking-listoja yll\u00e4pidet\u00e4\u00e4n kaikille kolmelle ILCA-luokalle sek\u00e4 lis\u00e4ksi Masterseille on omansa. Osallistuakseen Ranking-kilpailuihin ja saadakseen lopputuloksen Ranking-sarjassa purjehtijan tulee olla ILCA Finlandin j\u00e4sen. Tiedotusta hoidetaan p\u00e4\u00e4asiassa internetsivujen kautta. Lis\u00e4ksi ILCA Finlandilla on Facebook- sivu. N\u00e4m\u00e4 kaksi tiedotuskanavaa t\u00e4ydent\u00e4v\u00e4t siis&hellip;&nbsp;L\u00e4s mer &raquo;ILCA Finland \u2014 Suomen ILCA-luokkaliitto","og_url":"https:\/\/www.ilca.fi\/sv\/yhdistys\/","og_site_name":"ILCA Finland","article_modified_time":"2025-12-18T13:53:01+00:00","twitter_card":"summary_large_image","twitter_misc":{"Ber\u00e4knad l\u00e4stid":"2 minuter"},"schema":{"@context":"https:\/\/schema.org","@graph":[{"@type":"WebPage","@id":"https:\/\/www.ilca.fi\/yhdistys\/","url":"https:\/\/www.ilca.fi\/yhdistys\/","name":"ILCA Finland \u2014 Suomen ILCA-luokkaliitto - ILCA Finland","isPartOf":{"@id":"https:\/\/www.ilca.fi\/#website"},"datePublished":"2015-10-13T15:03:24+00:00","dateModified":"2025-12-18T13:53:01+00:00","inLanguage":"sv-SE","potentialAction":[{"@type":"ReadAction","target":["https:\/\/www.ilca.fi\/yhdistys\/"]}]},{"@type":"WebSite","@id":"https:\/\/www.ilca.fi\/#website","url":"https:\/\/www.ilca.fi\/","name":"ILCA Finland","description":"Finska ILCA klassf\u00f6rbundet","publisher":{"@id":"https:\/\/www.ilca.fi\/#organization"},"potentialAction":[{"@type":"SearchAction","target":{"@type":"EntryPoint","urlTemplate":"https:\/\/www.ilca.fi\/?s={search_term_string}"},"query-input":{"@type":"PropertyValueSpecification","valueRequired":true,"valueName":"search_term_string"}}],"inLanguage":"sv-SE"},{"@type":"Organization","@id":"https:\/\/www.ilca.fi\/#organization","name":"ILCA Finland","url":"https:\/\/www.ilca.fi\/","logo":{"@type":"ImageObject","inLanguage":"sv-SE","@id":"https:\/\/www.ilca.fi\/#\/schema\/logo\/image\/","url":"https:\/\/www.ilca.fi\/wp-content\/uploads\/2020\/09\/ILCA-350x100-1.png","contentUrl":"https:\/\/www.ilca.fi\/wp-content\/uploads\/2020\/09\/ILCA-350x100-1.png","width":350,"height":100,"caption":"ILCA Finland"},"image":{"@id":"https:\/\/www.ilca.fi\/#\/schema\/logo\/image\/"}}]}},"_links":{"self":[{"href":"https:\/\/www.ilca.fi\/sv\/wp-json\/wp\/v2\/pages\/30","targetHints":{"allow":["GET"]}}],"collection":[{"href":"https:\/\/www.ilca.fi\/sv\/wp-json\/wp\/v2\/pages"}],"about":[{"href":"https:\/\/www.ilca.fi\/sv\/wp-json\/wp\/v2\/types\/page"}],"author":[{"embeddable":true,"href":"https:\/\/www.ilca.fi\/sv\/wp-json\/wp\/v2\/users\/1"}],"replies":[{"embeddable":true,"href":"https:\/\/www.ilca.fi\/sv\/wp-json\/wp\/v2\/comments?post=30"}],"version-history":[{"count":0,"href":"https:\/\/www.ilca.fi\/sv\/wp-json\/wp\/v2\/pages\/30\/revisions"}],"wp:attachment":[{"href":"https:\/\/www.ilca.fi\/sv\/wp-json\/wp\/v2\/media?parent=30"}],"curies":[{"name":"wp","href":"https:\/\/api.w.org\/{rel}","templated":true}]}}