{"id":21,"date":"2015-10-13T17:52:45","date_gmt":"2015-10-13T14:52:45","guid":{"rendered":"https:\/\/ilca1.wpenginepowered.com\/?page_id=21"},"modified":"2020-07-02T14:10:35","modified_gmt":"2020-07-02T11:10:35","slug":"veneporssi","status":"publish","type":"page","link":"https:\/\/www.ilca.fi\/sv\/veneporssi\/","title":{"rendered":"Venep\u00f6rssi"},"content":{"rendered":"<p>Tervetuloa laserveneiden ja tavaroiden myynti- ja ostopaikkaan. Laserliitto ei vastaa forumiin j\u00e4tetyist\u00e4 ilmoituksista. Vanhentuneet ilmoitukset poistetaan tasaisin v\u00e4lein.<\/p>\n<p>Maahantuojien yhteystiedot:<br \/>\n<a href=\"http:\/\/www.dinghystore.com\/\" target=\"_blank\" rel=\"noopener noreferrer\">Dinghystore (Laservene ja ILCA-vene)<\/a><\/p>\n<p><a href=\"https:\/\/ka-sailing.fi\/\">KA-Sailing (ILCA vene)<\/a><\/p>\n<p><span style=\"font-size: inherit;\">[bbp-forum-index]<\/span><\/p>\n","protected":false},"excerpt":{"rendered":"<p>Tervetuloa laserveneiden ja tavaroiden myynti- ja ostopaikkaan. Laserliitto ei vastaa forumiin j\u00e4tetyist\u00e4 ilmoituksista. Vanhentuneet ilmoitukset poistetaan tasaisin v\u00e4lein. Maahantuojien yhteystiedot: Dinghystore (Laservene ja ILCA-vene) KA-Sailing (ILCA vene) [bbp-forum-index]<\/p>\n","protected":false},"author":1,"featured_media":0,"parent":0,"menu_order":0,"comment_status":"closed","ping_status":"closed","template":"","meta":{"neve_meta_sidebar":"","neve_meta_container":"","neve_meta_enable_content_width":"","neve_meta_content_width":0,"neve_meta_title_alignment":"","neve_meta_author_avatar":"","neve_post_elements_order":"","neve_meta_disable_header":"","neve_meta_disable_footer":"","neve_meta_disable_title":"","footnotes":""},"class_list":["post-21","page","type-page","status-publish","hentry"],"yoast_head":"<!-- This site is optimized with the Yoast SEO plugin v27.2 - https:\/\/yoast.com\/product\/yoast-seo-wordpress\/ -->\n<title>Venep\u00f6rssi - ILCA Finland<\/title>\n<meta name=\"robots\" content=\"index, follow, max-snippet:-1, max-image-preview:large, max-video-preview:-1\" \/>\n<link rel=\"canonical\" href=\"https:\/\/www.ilca.fi\/sv\/veneporssi\/\" \/>\n<meta property=\"og:locale\" content=\"sv_SE\" \/>\n<meta property=\"og:type\" content=\"article\" \/>\n<meta property=\"og:title\" content=\"Venep\u00f6rssi - ILCA Finland\" \/>\n<meta property=\"og:description\" content=\"Tervetuloa laserveneiden ja tavaroiden myynti- ja ostopaikkaan. Laserliitto ei vastaa forumiin j\u00e4tetyist\u00e4 ilmoituksista. Vanhentuneet ilmoitukset poistetaan tasaisin v\u00e4lein. Maahantuojien yhteystiedot: Dinghystore (Laservene ja ILCA-vene) KA-Sailing (ILCA vene) [bbp-forum-index]\" \/>\n<meta property=\"og:url\" content=\"https:\/\/www.ilca.fi\/sv\/veneporssi\/\" \/>\n<meta property=\"og:site_name\" content=\"ILCA Finland\" \/>\n<meta property=\"article:modified_time\" content=\"2020-07-02T11:10:35+00:00\" \/>\n<meta name=\"twitter:card\" content=\"summary_large_image\" \/>\n<script type=\"application\/ld+json\" class=\"yoast-schema-graph\">{\"@context\":\"https:\/\/schema.org\",\"@graph\":[{\"@type\":\"WebPage\",\"@id\":\"https:\/\/www.ilca.fi\/veneporssi\/\",\"url\":\"https:\/\/www.ilca.fi\/veneporssi\/\",\"name\":\"Venep\u00f6rssi - ILCA Finland\",\"isPartOf\":{\"@id\":\"https:\/\/www.ilca.fi\/#website\"},\"datePublished\":\"2015-10-13T14:52:45+00:00\",\"dateModified\":\"2020-07-02T11:10:35+00:00\",\"inLanguage\":\"sv-SE\",\"potentialAction\":[{\"@type\":\"ReadAction\",\"target\":[\"https:\/\/www.ilca.fi\/veneporssi\/\"]}]},{\"@type\":\"WebSite\",\"@id\":\"https:\/\/www.ilca.fi\/#website\",\"url\":\"https:\/\/www.ilca.fi\/\",\"name\":\"ILCA Finland\",\"description\":\"Suomen ILCA-luokkaliitto\",\"publisher\":{\"@id\":\"https:\/\/www.ilca.fi\/#organization\"},\"potentialAction\":[{\"@type\":\"SearchAction\",\"target\":{\"@type\":\"EntryPoint\",\"urlTemplate\":\"https:\/\/www.ilca.fi\/?s={search_term_string}\"},\"query-input\":{\"@type\":\"PropertyValueSpecification\",\"valueRequired\":true,\"valueName\":\"search_term_string\"}}],\"inLanguage\":\"sv-SE\"},{\"@type\":\"Organization\",\"@id\":\"https:\/\/www.ilca.fi\/#organization\",\"name\":\"ILCA Finland\",\"url\":\"https:\/\/www.ilca.fi\/\",\"logo\":{\"@type\":\"ImageObject\",\"inLanguage\":\"sv-SE\",\"@id\":\"https:\/\/www.ilca.fi\/#\/schema\/logo\/image\/\",\"url\":\"https:\/\/www.ilca.fi\/wp-content\/uploads\/2020\/09\/ILCA-350x100-1.png\",\"contentUrl\":\"https:\/\/www.ilca.fi\/wp-content\/uploads\/2020\/09\/ILCA-350x100-1.png\",\"width\":350,\"height\":100,\"caption\":\"ILCA Finland\"},\"image\":{\"@id\":\"https:\/\/www.ilca.fi\/#\/schema\/logo\/image\/\"}}]}<\/script>\n<!-- \/ Yoast SEO plugin. -->","yoast_head_json":{"title":"Venep\u00f6rssi - ILCA Finland","robots":{"index":"index","follow":"follow","max-snippet":"max-snippet:-1","max-image-preview":"max-image-preview:large","max-video-preview":"max-video-preview:-1"},"canonical":"https:\/\/www.ilca.fi\/sv\/veneporssi\/","og_locale":"sv_SE","og_type":"article","og_title":"Venep\u00f6rssi - ILCA Finland","og_description":"Tervetuloa laserveneiden ja tavaroiden myynti- ja ostopaikkaan. Laserliitto ei vastaa forumiin j\u00e4tetyist\u00e4 ilmoituksista. Vanhentuneet ilmoitukset poistetaan tasaisin v\u00e4lein. Maahantuojien yhteystiedot: Dinghystore (Laservene ja ILCA-vene) KA-Sailing (ILCA vene) [bbp-forum-index]","og_url":"https:\/\/www.ilca.fi\/sv\/veneporssi\/","og_site_name":"ILCA Finland","article_modified_time":"2020-07-02T11:10:35+00:00","twitter_card":"summary_large_image","schema":{"@context":"https:\/\/schema.org","@graph":[{"@type":"WebPage","@id":"https:\/\/www.ilca.fi\/veneporssi\/","url":"https:\/\/www.ilca.fi\/veneporssi\/","name":"Venep\u00f6rssi - ILCA Finland","isPartOf":{"@id":"https:\/\/www.ilca.fi\/#website"},"datePublished":"2015-10-13T14:52:45+00:00","dateModified":"2020-07-02T11:10:35+00:00","inLanguage":"sv-SE","potentialAction":[{"@type":"ReadAction","target":["https:\/\/www.ilca.fi\/veneporssi\/"]}]},{"@type":"WebSite","@id":"https:\/\/www.ilca.fi\/#website","url":"https:\/\/www.ilca.fi\/","name":"ILCA Finland","description":"Finska ILCA klassf\u00f6rbundet","publisher":{"@id":"https:\/\/www.ilca.fi\/#organization"},"potentialAction":[{"@type":"SearchAction","target":{"@type":"EntryPoint","urlTemplate":"https:\/\/www.ilca.fi\/?s={search_term_string}"},"query-input":{"@type":"PropertyValueSpecification","valueRequired":true,"valueName":"search_term_string"}}],"inLanguage":"sv-SE"},{"@type":"Organization","@id":"https:\/\/www.ilca.fi\/#organization","name":"ILCA Finland","url":"https:\/\/www.ilca.fi\/","logo":{"@type":"ImageObject","inLanguage":"sv-SE","@id":"https:\/\/www.ilca.fi\/#\/schema\/logo\/image\/","url":"https:\/\/www.ilca.fi\/wp-content\/uploads\/2020\/09\/ILCA-350x100-1.png","contentUrl":"https:\/\/www.ilca.fi\/wp-content\/uploads\/2020\/09\/ILCA-350x100-1.png","width":350,"height":100,"caption":"ILCA Finland"},"image":{"@id":"https:\/\/www.ilca.fi\/#\/schema\/logo\/image\/"}}]}},"_links":{"self":[{"href":"https:\/\/www.ilca.fi\/sv\/wp-json\/wp\/v2\/pages\/21","targetHints":{"allow":["GET"]}}],"collection":[{"href":"https:\/\/www.ilca.fi\/sv\/wp-json\/wp\/v2\/pages"}],"about":[{"href":"https:\/\/www.ilca.fi\/sv\/wp-json\/wp\/v2\/types\/page"}],"author":[{"embeddable":true,"href":"https:\/\/www.ilca.fi\/sv\/wp-json\/wp\/v2\/users\/1"}],"replies":[{"embeddable":true,"href":"https:\/\/www.ilca.fi\/sv\/wp-json\/wp\/v2\/comments?post=21"}],"version-history":[{"count":0,"href":"https:\/\/www.ilca.fi\/sv\/wp-json\/wp\/v2\/pages\/21\/revisions"}],"wp:attachment":[{"href":"https:\/\/www.ilca.fi\/sv\/wp-json\/wp\/v2\/media?parent=21"}],"curies":[{"name":"wp","href":"https:\/\/api.w.org\/{rel}","templated":true}]}}