{"id":168,"date":"2015-10-15T13:29:08","date_gmt":"2015-10-15T10:29:08","guid":{"rendered":"https:\/\/ilca1.wpenginepowered.com\/?page_id=168"},"modified":"2025-05-27T19:48:00","modified_gmt":"2025-05-27T16:48:00","slug":"laservene","status":"publish","type":"page","link":"https:\/\/www.ilca.fi\/sv\/laservene\/","title":{"rendered":"ILCA-b\u00e5t"},"content":{"rendered":"<div data-elementor-type=\"wp-page\" data-elementor-id=\"168\" class=\"elementor elementor-168\">\n\t\t\t\t\t\t<section class=\"elementor-section elementor-top-section elementor-element elementor-element-207cdaea elementor-section-boxed elementor-section-height-default elementor-section-height-default\" data-id=\"207cdaea\" data-element_type=\"section\" data-e-type=\"section\">\n\t\t\t\t\t\t<div class=\"elementor-container elementor-column-gap-default\">\n\t\t\t\t\t<div class=\"elementor-column elementor-col-100 elementor-top-column elementor-element elementor-element-49a43c61\" data-id=\"49a43c61\" data-element_type=\"column\" data-e-type=\"column\">\n\t\t\t<div class=\"elementor-widget-wrap elementor-element-populated\">\n\t\t\t\t\t\t<div class=\"elementor-element elementor-element-d807e14 elementor-align-justify elementor-widget elementor-widget-button\" data-id=\"d807e14\" data-element_type=\"widget\" data-e-type=\"widget\" data-widget_type=\"button.default\">\n\t\t\t\t<div class=\"elementor-widget-container\">\n\t\t\t\t\t\t\t\t\t<div class=\"elementor-button-wrapper\">\n\t\t\t\t\t<a class=\"elementor-button elementor-button-link elementor-size-md elementor-animation-grow\" href=\"https:\/\/www.laserinternational.org\/rules-and-technical\/laser-class-rules\/\" target=\"_blank\">\n\t\t\t\t\t\t<span class=\"elementor-button-content-wrapper\">\n\t\t\t\t\t\t\t\t\t<span class=\"elementor-button-text\">Klassregler<\/span>\n\t\t\t\t\t<\/span>\n\t\t\t\t\t<\/a>\n\t\t\t\t<\/div>\n\t\t\t\t\t\t\t\t<\/div>\n\t\t\t\t<\/div>\n\t\t\t\t<div class=\"elementor-element elementor-element-117ca31 elementor-align-justify elementor-widget elementor-widget-button\" data-id=\"117ca31\" data-element_type=\"widget\" data-e-type=\"widget\" data-widget_type=\"button.default\">\n\t\t\t\t<div class=\"elementor-widget-container\">\n\t\t\t\t\t\t\t\t\t<div class=\"elementor-button-wrapper\">\n\t\t\t\t\t<a class=\"elementor-button elementor-button-link elementor-size-md elementor-animation-grow\" href=\"https:\/\/www.laserinternational.org\/rules-and-technical\/handbook\/\" target=\"_blank\">\n\t\t\t\t\t\t<span class=\"elementor-button-content-wrapper\">\n\t\t\t\t\t\t\t\t\t<span class=\"elementor-button-text\">ILCA Handbook<\/span>\n\t\t\t\t\t<\/span>\n\t\t\t\t\t<\/a>\n\t\t\t\t<\/div>\n\t\t\t\t\t\t\t\t<\/div>\n\t\t\t\t<\/div>\n\t\t\t\t<div class=\"elementor-element elementor-element-44ce558 elementor-widget elementor-widget-image\" data-id=\"44ce558\" data-element_type=\"widget\" data-e-type=\"widget\" data-widget_type=\"image.default\">\n\t\t\t\t<div class=\"elementor-widget-container\">\n\t\t\t\t\t\t\t\t\t\t\t\t\t\t\t<img fetchpriority=\"high\" decoding=\"async\" width=\"1024\" height=\"496\" src=\"https:\/\/www.ilca.fi\/wp-content\/uploads\/2023\/11\/Three-Boats-Vector-2020-1024x496.jpg\" class=\"attachment-large size-large wp-image-6845\" alt=\"\" srcset=\"https:\/\/www.ilca.fi\/wp-content\/uploads\/2023\/11\/Three-Boats-Vector-2020-1024x496.jpg 1024w, https:\/\/www.ilca.fi\/wp-content\/uploads\/2023\/11\/Three-Boats-Vector-2020-300x145.jpg 300w, https:\/\/www.ilca.fi\/wp-content\/uploads\/2023\/11\/Three-Boats-Vector-2020-768x372.jpg 768w, https:\/\/www.ilca.fi\/wp-content\/uploads\/2023\/11\/Three-Boats-Vector-2020-1536x744.jpg 1536w, https:\/\/www.ilca.fi\/wp-content\/uploads\/2023\/11\/Three-Boats-Vector-2020.jpg 1542w\" sizes=\"(max-width: 1024px) 100vw, 1024px\" \/>\t\t\t\t\t\t\t\t\t\t\t\t\t\t\t<\/div>\n\t\t\t\t<\/div>\n\t\t<div class=\"elementor-element elementor-element-4036d56 e-grid e-con-boxed e-con e-parent\" data-id=\"4036d56\" data-element_type=\"container\" data-e-type=\"container\">\n\t\t\t\t\t<div class=\"e-con-inner\">\n\t\t\t\t<div class=\"elementor-element elementor-element-dfe9fba elementor-widget elementor-widget-text-editor\" data-id=\"dfe9fba\" data-element_type=\"widget\" data-e-type=\"widget\" data-widget_type=\"text-editor.default\">\n\t\t\t\t<div class=\"elementor-widget-container\">\n\t\t\t\t\t\t\t\t\t<p>ILCA 7<\/p>\t\t\t\t\t\t\t\t<\/div>\n\t\t\t\t<\/div>\n\t\t\t\t<div class=\"elementor-element elementor-element-a456c6e elementor-widget elementor-widget-text-editor\" data-id=\"a456c6e\" data-element_type=\"widget\" data-e-type=\"widget\" data-widget_type=\"text-editor.default\">\n\t\t\t\t<div class=\"elementor-widget-container\">\n\t\t\t\t\t\t\t\t\t<p>ILCA 6<\/p>\t\t\t\t\t\t\t\t<\/div>\n\t\t\t\t<\/div>\n\t\t\t\t<div class=\"elementor-element elementor-element-31709b5 elementor-widget elementor-widget-text-editor\" data-id=\"31709b5\" data-element_type=\"widget\" data-e-type=\"widget\" data-widget_type=\"text-editor.default\">\n\t\t\t\t<div class=\"elementor-widget-container\">\n\t\t\t\t\t\t\t\t\t<p>ILCA 4<\/p>\t\t\t\t\t\t\t\t<\/div>\n\t\t\t\t<\/div>\n\t\t\t\t\t<\/div>\n\t\t\t\t<\/div>\n\t\t\t\t<div class=\"elementor-element elementor-element-774825f elementor-widget elementor-widget-heading\" data-id=\"774825f\" data-element_type=\"widget\" data-e-type=\"widget\" data-widget_type=\"heading.default\">\n\t\t\t\t<div class=\"elementor-widget-container\">\n\t\t\t\t\t<h2 class=\"elementor-heading-title elementor-size-default\">ILCA 7<\/h2>\t\t\t\t<\/div>\n\t\t\t\t<\/div>\n\t\t\t\t<div class=\"elementor-element elementor-element-a5d96e0 elementor-widget elementor-widget-text-editor\" data-id=\"a5d96e0\" data-element_type=\"widget\" data-e-type=\"widget\" data-widget_type=\"text-editor.default\">\n\t\t\t\t<div class=\"elementor-widget-container\">\n\t\t\t\t\t\t\t\t\t<p>Viktrekommendation: minst 75 kg<\/p><p>Bruce Kirbyn aluper\u00e4inen suunnitelma oli ILCA 7. Se levisi nopeasti koko maailmaan ja siit\u00e4 syntyi maailman suurilukuisin ja suosituin jollaluokka. Jolla sai olympiastatuksen Atlantan olympiakisoihin 1996. Sen j\u00e4lkeen se on ollut miesten olympialuokka.<\/p>\t\t\t\t\t\t\t\t<\/div>\n\t\t\t\t<\/div>\n\t\t\t\t<div class=\"elementor-element elementor-element-7bcd57e elementor-widget elementor-widget-heading\" data-id=\"7bcd57e\" data-element_type=\"widget\" data-e-type=\"widget\" data-widget_type=\"heading.default\">\n\t\t\t\t<div class=\"elementor-widget-container\">\n\t\t\t\t\t<h2 class=\"elementor-heading-title elementor-size-default\">ILCA 6<\/h2>\t\t\t\t<\/div>\n\t\t\t\t<\/div>\n\t\t\t\t<div class=\"elementor-element elementor-element-cbd5c59 elementor-widget elementor-widget-text-editor\" data-id=\"cbd5c59\" data-element_type=\"widget\" data-e-type=\"widget\" data-widget_type=\"text-editor.default\">\n\t\t\t\t<div class=\"elementor-widget-container\">\n\t\t\t\t\t\t\t\t\t<p><span style=\"color: var( --e-global-color-text ); font-family: var( --e-global-typography-text-font-family ), Sans-serif; font-size: var( --e-global-typography-text-font-size ); font-weight: var( --e-global-typography-text-font-weight ); background-color: var(--nv-site-bg);\">\u00a0Viktrekommendation: 60\u201380 kg<\/span><\/p><p>ILCA 6 \u00e4r en mindre version som har bara ett mindre segel (5,76 m2) \u00e4n ILCA 7 (7,06 m2) och en kortare nedre mast. Annan utrustning \u00e4r densamma som i ILCA 7. Det mindre seglet g\u00f6r att \u00e4ven de f\u00f6r vilka ILCA 7 \u00e4r fysisk f\u00f6r kr\u00e4vande kan njuta av ILCA-segling. Skillnaden i kraft mellan ILCA 6 och 7 \u00e4r cirka 15 %. ILCA 6 valdes som damernas olympiska klass f\u00f6r Peking 2008.<\/p>\t\t\t\t\t\t\t\t<\/div>\n\t\t\t\t<\/div>\n\t\t\t\t<div class=\"elementor-element elementor-element-ee9f1f7 elementor-widget elementor-widget-heading\" data-id=\"ee9f1f7\" data-element_type=\"widget\" data-e-type=\"widget\" data-widget_type=\"heading.default\">\n\t\t\t\t<div class=\"elementor-widget-container\">\n\t\t\t\t\t<h2 class=\"elementor-heading-title elementor-size-default\">ILCA 4<\/h2>\t\t\t\t<\/div>\n\t\t\t\t<\/div>\n\t\t\t\t<div class=\"elementor-element elementor-element-548a1d2 elementor-widget elementor-widget-text-editor\" data-id=\"548a1d2\" data-element_type=\"widget\" data-e-type=\"widget\" data-widget_type=\"text-editor.default\">\n\t\t\t\t<div class=\"elementor-widget-container\">\n\t\t\t\t\t\t\t\t\t<p><span style=\"color: var( --e-global-color-text ); font-family: var( --e-global-typography-text-font-family ), Sans-serif; font-size: var( --e-global-typography-text-font-size ); font-weight: var( --e-global-typography-text-font-weight ); background-color: var(--nv-site-bg);\">Viktrekommendation: 45\u201365 kg<\/span><\/p><p>ILCA 4 \u00e4r \u00e4ven mindre version av ILCA \u00e4n ILCA 6. Den har en 4,7 m2 segel och en kortare f\u00f6rb\u00f6jd mast. Kraftskillnaden till ILCA 7 \u00e4r cirka 35 %. ILCA 4 \u00e4r en l\u00e4mplig klass efter Optimistjolle n\u00e4r seglarens vikt \u00e4r \u00f6ver 45 kg. Klassens popularitet v\u00e4xer st\u00e4ndigt i v\u00e4rlden. \u00c5r 2004 278 under 17-\u00e5riga seglare deltog i VM-t\u00e4vling. 18 juniorer varav 8 flickor deltog i Finlands f\u00f6rsta ILCA 4 -klassm\u00e4sterskapt\u00e4vling i \u00c5bo  2005.<\/p>\t\t\t\t\t\t\t\t<\/div>\n\t\t\t\t<\/div>\n\t\t\t\t<div class=\"elementor-element elementor-element-f0d71dd elementor-widget elementor-widget-heading\" data-id=\"f0d71dd\" data-element_type=\"widget\" data-e-type=\"widget\" data-widget_type=\"heading.default\">\n\t\t\t\t<div class=\"elementor-widget-container\">\n\t\t\t\t\t<h2 class=\"elementor-heading-title elementor-size-default\">Finlands popul\u00e4raste olympiska klassen<\/h2>\t\t\t\t<\/div>\n\t\t\t\t<\/div>\n\t\t\t\t<div class=\"elementor-element elementor-element-c539fb7 elementor-widget elementor-widget-text-editor\" data-id=\"c539fb7\" data-element_type=\"widget\" data-e-type=\"widget\" data-widget_type=\"text-editor.default\">\n\t\t\t\t<div class=\"elementor-widget-container\">\n\t\t\t\t\t\t\t\t\t<p><span style=\"color: var( --e-global-color-text ); font-family: var( --e-global-typography-text-font-family ), Sans-serif; font-size: var( --e-global-typography-text-font-size ); font-weight: var( --e-global-typography-text-font-weight ); background-color: var(--nv-site-bg);\">\u2013 Aktiva klasser p\u00e5 h\u00f6g niv\u00e5 b\u00e5de i Finland och utomlands<\/span><\/p><p>\u2013 Man kan enkelt v\u00e4xla mellan klasser genom att bara byta nedre masten och seglet.<\/p><p>\u2013 Med 4- och 6-rigg kan \u00e4ven juniorer och l\u00e4tta seglare segla ILCA.<\/p><p>\u2013 Samma skrov kan anv\u00e4ndas av hela familjen: juniorer, partner, pappa och morfar...<\/p><p>\u2013 Det \u00e4r l\u00e4tt att flytta klassen n\u00e4r man har l\u00e4rt sig ILCAs egenskaper med ett rigg.<\/p><p>Ut\u00f6ver de sk\u00e4l som n\u00e4mnts ovan \u00e4r juniorseglare intresserade av olympiska klasser d\u00e4r egna kunskaper betyder mer \u00e4n pengar kan k\u00f6pa fart. N\u00e4mnas att OS-guldmedalj\u00f6rer i ILCA, Storbritanniens Ben Ainslie och Brasiliens Robert Scheidt, har b\u00f6rjat med ILCA 6.<\/p><p>Masters-synergi \u00e4r ocks\u00e5 till f\u00f6rm\u00e5n f\u00f6r ILCA. Mamma, pappa och junior(er) kan delta i samma t\u00e4vling: skrov p\u00e5 en bils tak och i sl\u00e4pet, och siktet p\u00e5 t\u00e4vlingen. Juniorer kan delta i 4- eller 6-klassen och pappa\/mamma i 6- eller 7-mastersklassen. N\u00e4r juniorer v\u00e4xer upp byts seglen.<\/p><p>ILCA \u00e4r designad med filosofin att den b\u00e4sta seglaren vinner, inte b\u00e5ten. ILCAs klassreglar \u00e4r mycket strikta och b\u00e5tar \u00e4r n\u00e4stan identiska. I t\u00e4vlingar \u00e4r skillnader mellan seglare avg\u00f6rande. ILCA \u00e4r b\u00e5de en tuff olympisk klass och en riktigt bra m\u00f6kkivene. Skrovet vikter bara 59 kg och botten t\u00e5l bra \u00e4nnu h\u00e5rdare behandling. Samma ILCA kan anv\u00e4ndas av hela familjen.<\/p><p>Det finns t\u00e4vlingsverksamhet p\u00e5 m\u00e5nga niv\u00e5er. Man kan t\u00e4vla p\u00e5 klubbniv\u00e5 t.ex. p\u00e5 klubbs onsdagst\u00e4vlingar, delta i rankingt\u00e4vlingar p\u00e5 FM-niv\u00e5, eller segla i v\u00e4rldscupt\u00e4vlingar som kr\u00e4ver omfattande erfarenhet och ett professionellt f\u00f6rh\u00e5llningss\u00e4tt till segling.<\/p><p>ILCA kan seglas \u00e4ven av veteraner dvs masters i sina egna klasser. F\u00f6r att delta i masterst\u00e4vlingar m\u00e5ste man vara minst 30 \u00e5r gammal. Masters-FM-t\u00e4vlingen i Nagu \u00e4r ofta den st\u00f6rsta ILCA-evenemang i Finland.<\/p>\t\t\t\t\t\t\t\t<\/div>\n\t\t\t\t<\/div>\n\t\t\t\t\t<\/div>\n\t\t<\/div>\n\t\t\t\t\t<\/div>\n\t\t<\/section>\n\t\t\t\t<\/div>","protected":false},"excerpt":{"rendered":"<p>Luokkas\u00e4\u00e4nn\u00f6t ILCA Handbook ILCA 7 ILCA 6 ILCA 4 ILCA 7 Painosuositus: yli 75 kg Bruce Kirbyn aluper\u00e4inen suunnitelma oli ILCA 7. Se levisi nopeasti koko maailmaan ja siit\u00e4 syntyi maailman suurilukuisin ja suosituin jollaluokka. Jolla sai olympiastatuksen Atlantan olympiakisoihin 1996. Sen j\u00e4lkeen se on ollut miesten olympialuokka. ILCA 6 \u00a0Painosuositus: 60-80 kg ILCA 6&hellip;&nbsp;<a href=\"https:\/\/www.ilca.fi\/sv\/laservene\/\" rel=\"bookmark\">L\u00e4s mer &raquo;<span class=\"screen-reader-text\">ILCA-b\u00e5t<\/span><\/a><\/p>","protected":false},"author":1,"featured_media":0,"parent":0,"menu_order":0,"comment_status":"closed","ping_status":"closed","template":"","meta":{"neve_meta_sidebar":"","neve_meta_container":"","neve_meta_enable_content_width":"","neve_meta_content_width":70,"neve_meta_title_alignment":"","neve_meta_author_avatar":"","neve_post_elements_order":"","neve_meta_disable_header":"","neve_meta_disable_footer":"","neve_meta_disable_title":"","footnotes":""},"class_list":["post-168","page","type-page","status-publish","hentry"],"yoast_head":"<!-- This site is optimized with the Yoast SEO plugin v27.3 - https:\/\/yoast.com\/product\/yoast-seo-wordpress\/ -->\n<title>ILCA-vene - ILCA Finland<\/title>\n<meta name=\"robots\" content=\"index, follow, max-snippet:-1, max-image-preview:large, max-video-preview:-1\" \/>\n<link rel=\"canonical\" href=\"https:\/\/www.ilca.fi\/sv\/laservene\/\" \/>\n<meta property=\"og:locale\" content=\"sv_SE\" \/>\n<meta property=\"og:type\" content=\"article\" \/>\n<meta property=\"og:title\" content=\"ILCA-vene - ILCA Finland\" \/>\n<meta property=\"og:description\" content=\"Luokkas\u00e4\u00e4nn\u00f6t ILCA Handbook ILCA 7 ILCA 6 ILCA 4 ILCA 7 Painosuositus: yli 75 kg Bruce Kirbyn aluper\u00e4inen suunnitelma oli ILCA 7. Se levisi nopeasti koko maailmaan ja siit\u00e4 syntyi maailman suurilukuisin ja suosituin jollaluokka. Jolla sai olympiastatuksen Atlantan olympiakisoihin 1996. Sen j\u00e4lkeen se on ollut miesten olympialuokka. ILCA 6 \u00a0Painosuositus: 60-80 kg ILCA 6&hellip;&nbsp;L\u00e4s mer &raquo;ILCA-vene\" \/>\n<meta property=\"og:url\" content=\"https:\/\/www.ilca.fi\/sv\/laservene\/\" \/>\n<meta property=\"og:site_name\" content=\"ILCA Finland\" \/>\n<meta property=\"article:modified_time\" content=\"2025-05-27T16:48:00+00:00\" \/>\n<meta property=\"og:image\" content=\"https:\/\/www.ilca.fi\/wp-content\/uploads\/2023\/11\/Three-Boats-Vector-2020.jpg\" \/>\n\t<meta property=\"og:image:width\" content=\"1542\" \/>\n\t<meta property=\"og:image:height\" content=\"747\" \/>\n\t<meta property=\"og:image:type\" content=\"image\/jpeg\" \/>\n<meta name=\"twitter:card\" content=\"summary_large_image\" \/>\n<meta name=\"twitter:label1\" content=\"Ber\u00e4knad l\u00e4stid\" \/>\n\t<meta name=\"twitter:data1\" content=\"3 minuter\" \/>\n<script type=\"application\/ld+json\" class=\"yoast-schema-graph\">{\"@context\":\"https:\\\/\\\/schema.org\",\"@graph\":[{\"@type\":\"WebPage\",\"@id\":\"https:\\\/\\\/www.ilca.fi\\\/laservene\\\/\",\"url\":\"https:\\\/\\\/www.ilca.fi\\\/laservene\\\/\",\"name\":\"ILCA-vene - ILCA Finland\",\"isPartOf\":{\"@id\":\"https:\\\/\\\/www.ilca.fi\\\/#website\"},\"primaryImageOfPage\":{\"@id\":\"https:\\\/\\\/www.ilca.fi\\\/laservene\\\/#primaryimage\"},\"image\":{\"@id\":\"https:\\\/\\\/www.ilca.fi\\\/laservene\\\/#primaryimage\"},\"thumbnailUrl\":\"https:\\\/\\\/www.ilca.fi\\\/wp-content\\\/uploads\\\/2023\\\/11\\\/Three-Boats-Vector-2020-1024x496.jpg\",\"datePublished\":\"2015-10-15T10:29:08+00:00\",\"dateModified\":\"2025-05-27T16:48:00+00:00\",\"inLanguage\":\"sv-SE\",\"potentialAction\":[{\"@type\":\"ReadAction\",\"target\":[\"https:\\\/\\\/www.ilca.fi\\\/laservene\\\/\"]}]},{\"@type\":\"ImageObject\",\"inLanguage\":\"sv-SE\",\"@id\":\"https:\\\/\\\/www.ilca.fi\\\/laservene\\\/#primaryimage\",\"url\":\"https:\\\/\\\/www.ilca.fi\\\/wp-content\\\/uploads\\\/2023\\\/11\\\/Three-Boats-Vector-2020-1024x496.jpg\",\"contentUrl\":\"https:\\\/\\\/www.ilca.fi\\\/wp-content\\\/uploads\\\/2023\\\/11\\\/Three-Boats-Vector-2020-1024x496.jpg\"},{\"@type\":\"WebSite\",\"@id\":\"https:\\\/\\\/www.ilca.fi\\\/#website\",\"url\":\"https:\\\/\\\/www.ilca.fi\\\/\",\"name\":\"ILCA Finland\",\"description\":\"Suomen ILCA-luokkaliitto\",\"publisher\":{\"@id\":\"https:\\\/\\\/www.ilca.fi\\\/#organization\"},\"potentialAction\":[{\"@type\":\"SearchAction\",\"target\":{\"@type\":\"EntryPoint\",\"urlTemplate\":\"https:\\\/\\\/www.ilca.fi\\\/?s={search_term_string}\"},\"query-input\":{\"@type\":\"PropertyValueSpecification\",\"valueRequired\":true,\"valueName\":\"search_term_string\"}}],\"inLanguage\":\"sv-SE\"},{\"@type\":\"Organization\",\"@id\":\"https:\\\/\\\/www.ilca.fi\\\/#organization\",\"name\":\"ILCA Finland\",\"url\":\"https:\\\/\\\/www.ilca.fi\\\/\",\"logo\":{\"@type\":\"ImageObject\",\"inLanguage\":\"sv-SE\",\"@id\":\"https:\\\/\\\/www.ilca.fi\\\/#\\\/schema\\\/logo\\\/image\\\/\",\"url\":\"https:\\\/\\\/www.ilca.fi\\\/wp-content\\\/uploads\\\/2020\\\/09\\\/ILCA-350x100-1.png\",\"contentUrl\":\"https:\\\/\\\/www.ilca.fi\\\/wp-content\\\/uploads\\\/2020\\\/09\\\/ILCA-350x100-1.png\",\"width\":350,\"height\":100,\"caption\":\"ILCA Finland\"},\"image\":{\"@id\":\"https:\\\/\\\/www.ilca.fi\\\/#\\\/schema\\\/logo\\\/image\\\/\"}}]}<\/script>\n<!-- \/ Yoast SEO plugin. -->","yoast_head_json":{"title":"ILCA-vene - ILCA Finland","robots":{"index":"index","follow":"follow","max-snippet":"max-snippet:-1","max-image-preview":"max-image-preview:large","max-video-preview":"max-video-preview:-1"},"canonical":"https:\/\/www.ilca.fi\/sv\/laservene\/","og_locale":"sv_SE","og_type":"article","og_title":"ILCA-vene - ILCA Finland","og_description":"Luokkas\u00e4\u00e4nn\u00f6t ILCA Handbook ILCA 7 ILCA 6 ILCA 4 ILCA 7 Painosuositus: yli 75 kg Bruce Kirbyn aluper\u00e4inen suunnitelma oli ILCA 7. Se levisi nopeasti koko maailmaan ja siit\u00e4 syntyi maailman suurilukuisin ja suosituin jollaluokka. Jolla sai olympiastatuksen Atlantan olympiakisoihin 1996. Sen j\u00e4lkeen se on ollut miesten olympialuokka. ILCA 6 \u00a0Painosuositus: 60-80 kg ILCA 6&hellip;&nbsp;L\u00e4s mer &raquo;ILCA-vene","og_url":"https:\/\/www.ilca.fi\/sv\/laservene\/","og_site_name":"ILCA Finland","article_modified_time":"2025-05-27T16:48:00+00:00","og_image":[{"width":1542,"height":747,"url":"https:\/\/www.ilca.fi\/wp-content\/uploads\/2023\/11\/Three-Boats-Vector-2020.jpg","type":"image\/jpeg"}],"twitter_card":"summary_large_image","twitter_misc":{"Ber\u00e4knad l\u00e4stid":"3 minuter"},"schema":{"@context":"https:\/\/schema.org","@graph":[{"@type":"WebPage","@id":"https:\/\/www.ilca.fi\/laservene\/","url":"https:\/\/www.ilca.fi\/laservene\/","name":"ILCA-vene - ILCA Finland","isPartOf":{"@id":"https:\/\/www.ilca.fi\/#website"},"primaryImageOfPage":{"@id":"https:\/\/www.ilca.fi\/laservene\/#primaryimage"},"image":{"@id":"https:\/\/www.ilca.fi\/laservene\/#primaryimage"},"thumbnailUrl":"https:\/\/www.ilca.fi\/wp-content\/uploads\/2023\/11\/Three-Boats-Vector-2020-1024x496.jpg","datePublished":"2015-10-15T10:29:08+00:00","dateModified":"2025-05-27T16:48:00+00:00","inLanguage":"sv-SE","potentialAction":[{"@type":"ReadAction","target":["https:\/\/www.ilca.fi\/laservene\/"]}]},{"@type":"ImageObject","inLanguage":"sv-SE","@id":"https:\/\/www.ilca.fi\/laservene\/#primaryimage","url":"https:\/\/www.ilca.fi\/wp-content\/uploads\/2023\/11\/Three-Boats-Vector-2020-1024x496.jpg","contentUrl":"https:\/\/www.ilca.fi\/wp-content\/uploads\/2023\/11\/Three-Boats-Vector-2020-1024x496.jpg"},{"@type":"WebSite","@id":"https:\/\/www.ilca.fi\/#website","url":"https:\/\/www.ilca.fi\/","name":"ILCA Finland","description":"Finska ILCA klassf\u00f6rbundet","publisher":{"@id":"https:\/\/www.ilca.fi\/#organization"},"potentialAction":[{"@type":"SearchAction","target":{"@type":"EntryPoint","urlTemplate":"https:\/\/www.ilca.fi\/?s={search_term_string}"},"query-input":{"@type":"PropertyValueSpecification","valueRequired":true,"valueName":"search_term_string"}}],"inLanguage":"sv-SE"},{"@type":"Organization","@id":"https:\/\/www.ilca.fi\/#organization","name":"ILCA Finland","url":"https:\/\/www.ilca.fi\/","logo":{"@type":"ImageObject","inLanguage":"sv-SE","@id":"https:\/\/www.ilca.fi\/#\/schema\/logo\/image\/","url":"https:\/\/www.ilca.fi\/wp-content\/uploads\/2020\/09\/ILCA-350x100-1.png","contentUrl":"https:\/\/www.ilca.fi\/wp-content\/uploads\/2020\/09\/ILCA-350x100-1.png","width":350,"height":100,"caption":"ILCA Finland"},"image":{"@id":"https:\/\/www.ilca.fi\/#\/schema\/logo\/image\/"}}]}},"_links":{"self":[{"href":"https:\/\/www.ilca.fi\/sv\/wp-json\/wp\/v2\/pages\/168","targetHints":{"allow":["GET"]}}],"collection":[{"href":"https:\/\/www.ilca.fi\/sv\/wp-json\/wp\/v2\/pages"}],"about":[{"href":"https:\/\/www.ilca.fi\/sv\/wp-json\/wp\/v2\/types\/page"}],"author":[{"embeddable":true,"href":"https:\/\/www.ilca.fi\/sv\/wp-json\/wp\/v2\/users\/1"}],"replies":[{"embeddable":true,"href":"https:\/\/www.ilca.fi\/sv\/wp-json\/wp\/v2\/comments?post=168"}],"version-history":[{"count":0,"href":"https:\/\/www.ilca.fi\/sv\/wp-json\/wp\/v2\/pages\/168\/revisions"}],"wp:attachment":[{"href":"https:\/\/www.ilca.fi\/sv\/wp-json\/wp\/v2\/media?parent=168"}],"curies":[{"name":"wp","href":"https:\/\/api.w.org\/{rel}","templated":true}]}}